{"id":15995,"date":"2025-09-11T15:30:39","date_gmt":"2025-09-11T19:30:39","guid":{"rendered":"https:\/\/socialygk.com\/?page_id=15995"},"modified":"2025-09-14T16:01:27","modified_gmt":"2025-09-14T20:01:27","slug":"party-planning","status":"publish","type":"page","link":"https:\/\/socialygk.com\/fr\/party-planning\/","title":{"rendered":"Planification de f\u00eate"},"content":{"rendered":"\n<div class=\"wpcf7 no-js\" id=\"wpcf7-f16006-o1\" lang=\"en-CA\" dir=\"ltr\" data-wpcf7-id=\"16006\">\n<div class=\"screen-reader-response\"><p role=\"status\" aria-live=\"polite\" aria-atomic=\"true\"><\/p> <ul><\/ul><\/div>\n<form action=\"\/fr\/wp-json\/wp\/v2\/pages\/15995#wpcf7-f16006-o1\" method=\"post\" class=\"wpcf7-form init\" aria-label=\"Contact form\" novalidate=\"novalidate\" data-status=\"init\">\n<fieldset class=\"hidden-fields-container\"><input type=\"hidden\" name=\"_wpcf7\" value=\"16006\" \/><input type=\"hidden\" name=\"_wpcf7_version\" value=\"6.1.5\" \/><input type=\"hidden\" name=\"_wpcf7_locale\" value=\"en_CA\" \/><input type=\"hidden\" name=\"_wpcf7_unit_tag\" value=\"wpcf7-f16006-o1\" \/><input type=\"hidden\" name=\"_wpcf7_container_post\" value=\"0\" \/><input type=\"hidden\" name=\"_wpcf7_posted_data_hash\" value=\"\" \/><input type=\"hidden\" name=\"_wpcf7_recaptcha_response\" value=\"\" \/>\n<\/fieldset>\n<div class=\"party-form\">\n\t<p class=\"notice\"><strong>19 ans et plus seulement:<\/strong> Notre \u00e9tablissement est strictement r\u00e9serv\u00e9 aux personnes de 19 ans et plus. Une pi\u00e8ce d\u2019identit\u00e9 avec photo \u00e9mise par le gouvernement peut \u00eatre exig\u00e9e \u00e0 l\u2019entr\u00e9e. Les cartes Sant\u00e9 ne sont pas accept\u00e9es comme pi\u00e8ce d\u2019identit\u00e9 valide. Nous n\u2019admettons aucune personne de moins de 19 ans dans l\u2019\u00e9tablissement.\n\t<\/p>\n\t<fieldset>\n\t\t<legend>Groupe\n\t\t<\/legend>\n\t\t<p><label class=\"field-label\">Nom du groupe<br \/>\n<span class=\"wpcf7-form-control-wrap\" data-name=\"group-name\"><input size=\"40\" maxlength=\"400\" class=\"wpcf7-form-control wpcf7-text wpcf7-validates-as-required\" id=\"group-name\" aria-required=\"true\" aria-invalid=\"false\" placeholder=\"ex. : Anniversaire des Smith\" value=\"\" type=\"text\" name=\"group-name\" \/><\/span><\/label>\n\t\t<\/p>\n\t\t<p><label class=\"field-label\">Adresse du groupe<br \/>\n<span class=\"wpcf7-form-control-wrap\" data-name=\"group-address\"><textarea cols=\"40\" rows=\"10\" maxlength=\"2000\" class=\"wpcf7-form-control wpcf7-textarea\" id=\"group-address\" aria-invalid=\"false\" placeholder=\"Rue, Ville, Province, Code postal\" name=\"group-address\"><\/textarea><\/span><\/label>\n\t\t<\/p>\n\t\t<p><label class=\"field-label\">Courriel du groupe<br \/>\n<span class=\"wpcf7-form-control-wrap\" data-name=\"group-email\"><input size=\"40\" maxlength=\"400\" class=\"wpcf7-form-control wpcf7-email wpcf7-validates-as-required wpcf7-text wpcf7-validates-as-email\" id=\"group-email\" aria-required=\"true\" aria-invalid=\"false\" placeholder=\"nom@exemple.com\" value=\"\" type=\"email\" name=\"group-email\" \/><\/span><\/label>\n\t\t<\/p>\n\t\t<p><label class=\"field-label\">T\u00e9l\u00e9phone du groupe<br \/>\n<span class=\"wpcf7-form-control-wrap\" data-name=\"group-phone\"><input size=\"40\" maxlength=\"400\" class=\"wpcf7-form-control wpcf7-tel wpcf7-validates-as-required wpcf7-text wpcf7-validates-as-tel\" id=\"group-phone\" aria-required=\"true\" aria-invalid=\"false\" placeholder=\"+1 (555) 555-5555\" value=\"\" type=\"tel\" name=\"group-phone\" \/><\/span><\/label>\n\t\t<\/p>\n\t<\/fieldset>\n\t<fieldset>\n\t\t<legend>Organisateur\n\t\t<\/legend>\n\t\t<p><label class=\"field-label\">Nom de la personne responsable<br \/>\n<span class=\"wpcf7-form-control-wrap\" data-name=\"organizer-name\"><input size=\"40\" maxlength=\"400\" class=\"wpcf7-form-control wpcf7-text wpcf7-validates-as-required\" id=\"organizer-name\" aria-required=\"true\" aria-invalid=\"false\" placeholder=\"Pr\u00e9nom et nom\" value=\"\" type=\"text\" name=\"organizer-name\" \/><\/span><\/label>\n\t\t<\/p>\n\t\t<p><label class=\"field-label\">Courriel de la personne responsable<br \/>\n<span class=\"wpcf7-form-control-wrap\" data-name=\"organizer-email\"><input size=\"40\" maxlength=\"400\" class=\"wpcf7-form-control wpcf7-email wpcf7-validates-as-required wpcf7-text wpcf7-validates-as-email\" id=\"organizer-email\" aria-required=\"true\" aria-invalid=\"false\" placeholder=\"nom@exemple.com\" value=\"\" type=\"email\" name=\"organizer-email\" \/><\/span><\/label>\n\t\t<\/p>\n\t\t<p><label class=\"field-label\">T\u00e9l\u00e9phone de la personne responsable<br \/>\n<span class=\"wpcf7-form-control-wrap\" data-name=\"organizer-phone\"><input size=\"40\" maxlength=\"400\" class=\"wpcf7-form-control wpcf7-tel wpcf7-validates-as-required wpcf7-text wpcf7-validates-as-tel\" id=\"organizer-phone\" aria-required=\"true\" aria-invalid=\"false\" placeholder=\"+1 (555) 555-5555\" value=\"\" type=\"tel\" name=\"organizer-phone\" \/><\/span><\/label>\n\t\t<\/p>\n\t<\/fieldset>\n\t<fieldset>\n\t\t<legend>D\u00e9tails de la r\u00e9servation\n\t\t<\/legend>\n\t\t<p><label class=\"field-label\">Type d\u2019\u00e9v\u00e9nement<br \/>\n<span class=\"wpcf7-form-control-wrap\" data-name=\"event-type\"><select class=\"wpcf7-form-control wpcf7-select wpcf7-validates-as-required\" id=\"event-type\" aria-required=\"true\" aria-invalid=\"false\" name=\"event-type\"><option value=\"\">&#8212;Please choose an option&#8212;<\/option><option value=\"Anniversaire\">Anniversaire<\/option><option value=\"Corporatif\">Corporatif<\/option><option value=\"Enterrement de vie de gar\u00e7on \/ fille\">Enterrement de vie de gar\u00e7on \/ fille<\/option><option value=\"Soir\u00e9e entre amis\">Soir\u00e9e entre amis<\/option><option value=\"Party des F\u00eates\">Party des F\u00eates<\/option><option value=\"Autre\">Autre<\/option><\/select><\/span><\/label>\n\t\t<\/p>\n\t\t<div class=\"event-datetime-grid\">\n\t\t\t<div>\n\t\t\t\t<p><label class=\"field-label\">Date de l\u2019\u00e9v\u00e9nement<br \/>\n<span class=\"wpcf7-form-control-wrap\" data-name=\"event-date\"><input class=\"wpcf7-form-control wpcf7-date wpcf7-validates-as-required wpcf7-validates-as-date\" id=\"event-date\" min=\"2026-04-16\" aria-required=\"true\" aria-invalid=\"false\" value=\"\" type=\"date\" name=\"event-date\" \/><\/span><\/label>\n\t\t\t\t<\/p>\n\t\t\t<\/div>\n\t\t\t<div>\n\t\t\t\t<p><label class=\"field-label\">Heure de d\u00e9but de la r\u00e9servation<br \/>\n<span class=\"wpcf7-form-control-wrap\" data-name=\"start-time\"><select class=\"wpcf7-form-control wpcf7-select wpcf7-validates-as-required\" id=\"start-time\" aria-required=\"true\" aria-invalid=\"false\" name=\"start-time\"><option value=\"\">&#8212;Please choose an option&#8212;<\/option><option value=\"10 h 00 AM\">10 h 00 AM<\/option><option value=\"10 h 30 AM\">10 h 30 AM<\/option><option value=\"11 h 00 AM\">11 h 00 AM<\/option><option value=\"11 h 30 AM\">11 h 30 AM<\/option><option value=\"12 h 00 PM\">12 h 00 PM<\/option><option value=\"12 h 30 PM\">12 h 30 PM<\/option><option value=\"13 h 00\">13 h 00<\/option><option value=\"13 h 30\">13 h 30<\/option><option value=\"14 h 00\">14 h 00<\/option><option value=\"14 h 30\">14 h 30<\/option><option value=\"15 h 00\">15 h 00<\/option><option value=\"15 h 30\">15 h 30<\/option><option value=\"16 h 00\">16 h 00<\/option><option value=\"16 h 30\">16 h 30<\/option><option value=\"17 h 00\">17 h 00<\/option><option value=\"17 h 30\">17 h 30<\/option><option value=\"18 h 00\">18 h 00<\/option><option value=\"18 h 30\">18 h 30<\/option><option value=\"19 h 00\">19 h 00<\/option><option value=\"19 h 30\">19 h 30<\/option><option value=\"20 h 00\">20 h 00<\/option><option value=\"20 h 30\">20 h 30<\/option><option value=\"21 h 00\">21 h 00<\/option><option value=\"21 h 30\">21 h 30<\/option><option value=\"22 h 00\">22 h 00<\/option><option value=\"22 h 30\">22 h 30<\/option><option value=\"23 h 00\">23 h 00<\/option><option value=\"23 h 30\">23 h 30<\/option><option value=\"00 h 00\">00 h 00<\/option><option value=\"00 h 30\">00 h 30<\/option><option value=\"01 h 00\">01 h 00<\/option><\/select><\/span><\/label>\n\t\t\t\t<\/p>\n\t\t\t<\/div>\n\t\t\t<div>\n\t\t\t\t<p><label class=\"field-label\">Heure de fin de la r\u00e9servation<br \/>\n<span class=\"wpcf7-form-control-wrap\" data-name=\"end-time\"><select class=\"wpcf7-form-control wpcf7-select wpcf7-validates-as-required\" id=\"end-time\" aria-required=\"true\" aria-invalid=\"false\" name=\"end-time\"><option value=\"\">&#8212;Please choose an option&#8212;<\/option><option value=\"10 h 00 AM\">10 h 00 AM<\/option><option value=\"10 h 30 AM\">10 h 30 AM<\/option><option value=\"11 h 00 AM\">11 h 00 AM<\/option><option value=\"11 h 30 AM\">11 h 30 AM<\/option><option value=\"12 h 00 PM\">12 h 00 PM<\/option><option value=\"12 h 30 PM\">12 h 30 PM<\/option><option value=\"13 h 00\">13 h 00<\/option><option value=\"13 h 30\">13 h 30<\/option><option value=\"14 h 00\">14 h 00<\/option><option value=\"14 h 30\">14 h 30<\/option><option value=\"15 h 00\">15 h 00<\/option><option value=\"15 h 30\">15 h 30<\/option><option value=\"16 h 00\">16 h 00<\/option><option value=\"16 h 30\">16 h 30<\/option><option value=\"17 h 00\">17 h 00<\/option><option value=\"17 h 30\">17 h 30<\/option><option value=\"18 h 00\">18 h 00<\/option><option value=\"18 h 30\">18 h 30<\/option><option value=\"19 h 00\">19 h 00<\/option><option value=\"19 h 30\">19 h 30<\/option><option value=\"20 h 00\">20 h 00<\/option><option value=\"20 h 30\">20 h 30<\/option><option value=\"21 h 00\">21 h 00<\/option><option value=\"21 h 30\">21 h 30<\/option><option value=\"22 h 00\">22 h 00<\/option><option value=\"22 h 30\">22 h 30<\/option><option value=\"23 h 00\">23 h 00<\/option><option value=\"23 h 30\">23 h 30<\/option><option value=\"00 h 00\">00 h 00<\/option><option value=\"00 h 30\">00 h 30<\/option><option value=\"01 h 00\">01 h 00<\/option><\/select><\/span><\/label>\n\t\t\t\t<\/p>\n\t\t\t<\/div>\n\t\t<\/div>\n\t\t<p><label class=\"field-label\">Nombre de participants<br \/>\n<span class=\"wpcf7-form-control-wrap\" data-name=\"attendees\"><input class=\"wpcf7-form-control wpcf7-number wpcf7-validates-as-required wpcf7-validates-as-number\" id=\"attendees\" min=\"12\" max=\"100\" aria-required=\"true\" aria-invalid=\"false\" placeholder=\"12 - 100 personnes\" value=\"\" type=\"number\" name=\"attendees\" \/><\/span><\/label>\n\t\t<\/p>\n\t\t<p><label class=\"field-label\">Choix de plateaux-repas \u2013 Voir notre <a href=\"https:\/\/socialygk.com\/fr\/menus\/party-menu\/\" target=\"_blank\">Menu de groupe<\/a>.<br \/>\n<span class=\"wpcf7-form-control-wrap\" data-name=\"party-platters\"><textarea cols=\"40\" rows=\"10\" maxlength=\"2000\" class=\"wpcf7-form-control wpcf7-textarea\" id=\"party-platters\" aria-invalid=\"false\" placeholder=\"Indiquez vos choix de plateaux ou consid\u00e9rations alimentaires\" name=\"party-platters\"><\/textarea><\/span><\/label>\n\t\t<\/p>\n\t\t<p><label class=\"field-label\">G\u00e2teau de c\u00e9l\u00e9bration (8 po \u2013 g\u00e2teau blanc \u2013 gla\u00e7age vanille)<br \/>\n<span class=\"wpcf7-form-control-wrap\" data-name=\"celebration-cake\"><select class=\"wpcf7-form-control wpcf7-select\" id=\"celebration-cake\" aria-invalid=\"false\" name=\"celebration-cake\"><option value=\"\">&#8212;Please choose an option&#8212;<\/option><option value=\"Non merci\">Non merci<\/option><option value=\"Oui \u2013 1 g\u00e2teau\">Oui \u2013 1 g\u00e2teau<\/option><option value=\"Oui \u2013 2 g\u00e2teaux\">Oui \u2013 2 g\u00e2teaux<\/option><option value=\"Oui \u2013 3 g\u00e2teaux\">Oui \u2013 3 g\u00e2teaux<\/option><\/select><\/span><\/label>\n\t\t<\/p>\n\t<\/fieldset>\n\t<fieldset>\n\t\t<legend>Extras pour la f\u00eate\n\t\t<\/legend>\n\t\t<ul class=\"small-print\">\n\t\t\t<li>\n\t\t\t\t<p>Billard, dards et cornhole ne sont pas disponibles lors des soir\u00e9es de ligue.\n\t\t\t\t<\/p>\n\t\t\t<\/li>\n\t\t\t<li>\n\t\t\t\t<p>Le cornhole n\u2019est pas disponible lors des \u00e9v\u00e9nements de musique en direct.\n\t\t\t\t<\/p>\n\t\t\t<\/li>\n\t\t<\/ul>\n\t\t<p>&nbsp;\n\t\t<\/p>\n\t\t<p><label><span class=\"wpcf7-form-control-wrap\" data-name=\"party-addons-pool\"><select class=\"wpcf7-form-control wpcf7-select d-inline-block w-auto\" id=\"party-addons-pool\" aria-invalid=\"false\" name=\"party-addons-pool\"><option value=\"0\">0<\/option><option value=\"1\">1<\/option><option value=\"2\">2<\/option><option value=\"3\">3<\/option><\/select><\/span> Tables de billard \u00e0 15 $ par table pour l\u2019\u00e9v\u00e9nement + taxes.<\/label>\n\t\t<\/p>\n\t\t<p><label><span class=\"wpcf7-form-control-wrap\" data-name=\"party-addons-darts\"><select class=\"wpcf7-form-control wpcf7-select d-inline-block w-auto\" id=\"party-addons-darts\" aria-invalid=\"false\" name=\"party-addons-darts\"><option value=\"0\">0<\/option><option value=\"1\">1<\/option><option value=\"2\">2<\/option><option value=\"3\">3<\/option><option value=\"4\">4<\/option><\/select><\/span> All\u00e9es de dards \u00e0 222 $ par all\u00e9e pour l\u2019\u00e9v\u00e9nement + taxes.<\/label>\n\t\t<\/p>\n\t\t<p><label><span class=\"wpcf7-form-control-wrap\" data-name=\"party-addons-cornhole\"><select class=\"wpcf7-form-control wpcf7-select d-inline-block w-auto\" id=\"party-addons-cornhole\" aria-invalid=\"false\" name=\"party-addons-cornhole\"><option value=\"0\">0<\/option><option value=\"1\">1<\/option><\/select><\/span> All\u00e9e de cornhole \u00e0 20 $ pour l\u2019\u00e9v\u00e9nement + taxes.<\/label>\n\t\t<\/p>\n\t<\/fieldset>\n\t<fieldset>\n\t\t<legend>Questions fr\u00e9quentes avec r\u00e9ponses\n\t\t<\/legend>\n\t\t<ol class=\"faq\">\n\t\t\t<li>\n\t\t\t\t<p><strong>Permettez-vous d\u2019apporter de la nourriture ou des boissons de l\u2019ext\u00e9rieur?<\/strong><br \/>\n<em>R\u00e9ponse :<\/em> Non\n\t\t\t\t<\/p>\n\t\t\t<\/li>\n\t\t\t<li>\n\t\t\t\t<p><strong>Un b\u00e9b\u00e9 compte-t-il comme une personne de moins de 19 ans?<\/strong><br \/>\n<em>R\u00e9ponse :<\/em> Oui, personne de moins de 19 ans n\u2019est admis\n\t\t\t\t<\/p>\n\t\t\t<\/li>\n\t\t\t<li>\n\t\t\t\t<p><strong>Pouvons-nous apporter un g\u00e2teau ou un dessert?<\/strong><br \/>\n<em>R\u00e9ponse :<\/em> Aucun aliment ext\u00e9rieur, mais vous pouvez commander un g\u00e2teau de c\u00e9l\u00e9bration\n\t\t\t\t<\/p>\n\t\t\t<\/li>\n\t\t\t<li>\n\t\t\t\t<p><strong>Permettez-vous les sacs \u00e0 dos ou grands sacs dans l\u2019\u00e9tablissement?<\/strong><br \/>\n<em>R\u00e9ponse :<\/em> Aucun sac \u00e0 dos ou grand sac\n\t\t\t\t<\/p>\n\t\t\t<\/li>\n\t\t\t<li>\n\t\t\t\t<p><strong>Pouvons-nous apporter notre propre musique live ou groupe?<\/strong><br \/>\n<em>R\u00e9ponse :<\/em> Non\n\t\t\t\t<\/p>\n\t\t\t<\/li>\n\t\t\t<li>\n\t\t\t\t<p><strong>Peut-on r\u00e9server une f\u00eate par t\u00e9l\u00e9phone ou en personne sur place?<\/strong><br \/>\n<em>R\u00e9ponse :<\/em> Non, les f\u00eates doivent \u00eatre r\u00e9serv\u00e9es au moyen de ce formulaire\n\t\t\t\t<\/p>\n\t\t\t<\/li>\n\t\t\t<li>\n\t\t\t\t<p><strong>Si une personne est sous un ordre d\u2019interdiction ou d\u2019auto-exclusion active, peut-elle assister \u00e0 une f\u00eate \u00e0 laquelle elle est invit\u00e9e?<\/strong><br \/>\n<em>R\u00e9ponse :<\/em> Non, toute personne sous interdiction ou auto-exclusion active n\u2019est pas autoris\u00e9e sur les lieux. Si elle est identifi\u00e9e, elle sera pri\u00e9e de quitter.\n\t\t\t\t<\/p>\n\t\t\t<\/li>\n\t\t<\/ol>\n\t<\/fieldset>\n\t<fieldset>\n\t\t<legend>Questions, commentaires ou demandes sp\u00e9ciales\n\t\t<\/legend>\n\t\t<p><span class=\"wpcf7-form-control-wrap\" data-name=\"special-requests\"><textarea cols=\"40\" rows=\"10\" maxlength=\"2000\" class=\"wpcf7-form-control wpcf7-textarea\" id=\"special-requests\" aria-invalid=\"false\" placeholder=\"Indiquez vos demandes sp\u00e9ciales ou questions\" name=\"special-requests\"><\/textarea><\/span>\n\t\t<\/p>\n\t<\/fieldset>\n\t<fieldset>\n\t\t<legend>Modalit\u00e9s et conditions\n\t\t<\/legend>\n\t\t<ul class=\"small-print\">\n\t\t\t<li>\n\t\t\t\t<p>Toutes les f\u00eates doivent \u00eatre pr\u00e9-r\u00e9serv\u00e9es de 30 \u00e0 90 jours \u00e0 l\u2019avance, incluant le nombre de personnes, choix de repas, extras, etc.\n\t\t\t\t<\/p>\n\t\t\t<\/li>\n\t\t\t<li>\n\t\t\t\t<p>Les pr\u00e9-r\u00e9servations doivent \u00eatre confirm\u00e9es au minimum 14 jours avant la date de l\u2019\u00e9v\u00e9nement avec un d\u00e9p\u00f4t couvrant 100 % des repas et extras. S\u2019il n\u2019y a pas de repas ou d\u2019extras, des frais de f\u00eate de 50 $ seront exig\u00e9s pour confirmer la r\u00e9servation.\n\t\t\t\t<\/p>\n\t\t\t<\/li>\n\t\t\t<li>\n\t\t\t\t<p>Aucune pr\u00e9-r\u00e9servation, r\u00e9servation ou confirmation n\u2019est officielle tant que le d\u00e9p\u00f4t n\u2019a pas \u00e9t\u00e9 re\u00e7u (au minimum 14 jours avant la date de l\u2019\u00e9v\u00e9nement). Les paiements doivent \u00eatre effectu\u00e9s en personne (comptant, d\u00e9bit, Visa, Mastercard).\n\t\t\t\t<\/p>\n\t\t\t<\/li>\n\t\t\t<li>\n\t\t\t\t<p>(Les d\u00e9p\u00f4ts ne sont pas remboursables mais peuvent \u00eatre convertis en cr\u00e9dit nourriture\/boisson si l\u2019annulation survient au moins 7 jours avant l\u2019\u00e9v\u00e9nement. Les annulations \u00e0 moins de 7 jours entra\u00eeneront la perte du d\u00e9p\u00f4t.)\n\t\t\t\t<\/p>\n\t\t\t<\/li>\n\t\t<\/ul>\n\t\t<p>&nbsp;\n\t\t<\/p>\n\t\t<p><span class=\"wpcf7-form-control-wrap\" data-name=\"confirm-19\"><span class=\"wpcf7-form-control wpcf7-acceptance\"><span class=\"wpcf7-list-item\"><label><input type=\"checkbox\" name=\"confirm-19\" value=\"1\" id=\"confirm-19\" aria-invalid=\"false\" \/><span class=\"wpcf7-list-item-label\">Je confirme que tous les participants auront 19 ans ou plus et comprends qu\u2019aucune personne de moins de 19 ans n\u2019est admise dans l\u2019\u00e9tablissement.<\/span><\/label><\/span><\/span><\/span>\n\t\t<\/p>\n\t\t<p><span class=\"wpcf7-form-control-wrap\" data-name=\"policy-ack\"><span class=\"wpcf7-form-control wpcf7-acceptance\"><span class=\"wpcf7-list-item\"><label><input type=\"checkbox\" name=\"policy-ack\" value=\"1\" id=\"policy-ack\" aria-invalid=\"false\" \/><span class=\"wpcf7-list-item-label\">Je reconnais les politiques ci-dessus (aucune nourriture ou boisson de l\u2019ext\u00e9rieur, aucun sac \u00e0 dos ou grand sac, restrictions li\u00e9es aux extras).<\/span><\/label><\/span><\/span><\/span>\n\t\t<\/p>\n\t\t<p><span class=\"wpcf7-form-control-wrap\" data-name=\"terms-ack\"><span class=\"wpcf7-form-control wpcf7-acceptance\"><span class=\"wpcf7-list-item\"><label><input type=\"checkbox\" name=\"terms-ack\" value=\"1\" id=\"terms-ack\" aria-invalid=\"false\" \/><span class=\"wpcf7-list-item-label\">J\u2019accepte les modalit\u00e9s et conditions.<\/span><\/label><\/span><\/span><\/span>\n\t\t<\/p>\n\t<\/fieldset>\n\n <!-- Champs cach\u00e9s -->\n<input class=\"wpcf7-form-control wpcf7-hidden\" id=\"form-page\" value=\"\" type=\"hidden\" name=\"form-page\" \/>\n<input class=\"wpcf7-form-control wpcf7-hidden\" id=\"user-agent\" value=\"\" type=\"hidden\" name=\"user-agent\" \/>\n\t<div class=\"submit-row\">\n\t\t<p><input class=\"wpcf7-form-control wpcf7-submit has-spinner\" type=\"submit\" value=\"Soumettre la demande de f\u00eate\" \/>\n\t\t<\/p>\n\t<\/div>\n<\/div><div class=\"wpcf7-response-output\" aria-hidden=\"true\"><\/div>\n<\/form>\n<\/div>\n\n","protected":false},"excerpt":{"rendered":"{:ca} 19+ Only: Our venue is a strict 19+ age-restricted environment. Government-issued photo identification may be required for entry. Health cards are not accepted as valid ID. We do not allow anyone under 19 years old into the facility. Group [...]","protected":false},"author":1,"featured_media":0,"parent":0,"menu_order":0,"comment_status":"closed","ping_status":"closed","template":"","meta":{"_acf_changed":false,"inline_featured_image":false,"footnotes":""},"class_list":["post-15995","page","type-page","status-publish","hentry"],"translation":{"provider":"WPGlobus","version":"3.0.0","language":"fr","enabled_languages":["ca","fr"],"languages":{"ca":{"title":true,"content":true,"excerpt":false},"fr":{"title":true,"content":true,"excerpt":false}}},"acf":[],"_links":{"self":[{"href":"https:\/\/socialygk.com\/fr\/wp-json\/wp\/v2\/pages\/15995","targetHints":{"allow":["GET"]}}],"collection":[{"href":"https:\/\/socialygk.com\/fr\/wp-json\/wp\/v2\/pages"}],"about":[{"href":"https:\/\/socialygk.com\/fr\/wp-json\/wp\/v2\/types\/page"}],"author":[{"embeddable":true,"href":"https:\/\/socialygk.com\/fr\/wp-json\/wp\/v2\/users\/1"}],"replies":[{"embeddable":true,"href":"https:\/\/socialygk.com\/fr\/wp-json\/wp\/v2\/comments?post=15995"}],"version-history":[{"count":3,"href":"https:\/\/socialygk.com\/fr\/wp-json\/wp\/v2\/pages\/15995\/revisions"}],"predecessor-version":[{"id":16007,"href":"https:\/\/socialygk.com\/fr\/wp-json\/wp\/v2\/pages\/15995\/revisions\/16007"}],"wp:attachment":[{"href":"https:\/\/socialygk.com\/fr\/wp-json\/wp\/v2\/media?parent=15995"}],"curies":[{"name":"wp","href":"https:\/\/api.w.org\/{rel}","templated":true}]}}