{"id":3235,"date":"2019-06-09T14:14:11","date_gmt":"2019-06-09T18:14:11","guid":{"rendered":"https:\/\/socialygk.com\/?page_id=3235"},"modified":"2024-07-15T20:46:30","modified_gmt":"2024-07-16T00:46:30","slug":"privacy-policy","status":"publish","type":"page","link":"https:\/\/socialygk.com\/fr\/privacy-policy\/","title":{"rendered":"D\u00e9claration De Respect De La Vie Priv\u00e9e"},"content":{"rendered":"<section class=\"wpb-content-wrapper\"><p>[vc_row css=&#8221;.vc_custom_1560104229490{margin: 25px !important;background-color: #000000 !important;}&#8221; el_class=&#8221;dark-content-wrapper&#8221;][vc_column][vc_column_text]<\/p>\n<h2>D\u00e9claration de Respect de la Vie Priv\u00e9e<\/h2>\n<p><span class=\"fpar\">Dans cette politique de protection de la vie priv\u00e9e, les r\u00e9f\u00e9rences \u00e0 la \u201cCompagnie\u201d, \u201cnous\u201d ou le \u201cService\u201d devra se rapporter au site internet anglais www.socialygk.com et\/ou Social YGK. La Compagnie respecte votre vie priv\u00e9e et nous nous engageons \u00e0 prot\u00e9ger vos renseignements personnels. En cliquant sur \u201cOui\u201d pendant le processus d\u2019inscription et\/ou par votre utilisation continue du Service \u00e0 la suite de la publication de la pr\u00e9sente politique de protection de la vie priv\u00e9e vous \u00eates d\u2019accord avec cette Politique de protection de la vie priv\u00e9e. Cette politique de protection de la vie priv\u00e9e annule ou remplace toute version ant\u00e9rieure. Nous pouvons apporter des modifications p\u00e9riodiques \u00e0 cette Politique de protection de la vie priv\u00e9e et nous publierons les conditions et modifications sur le site Web.<\/span><\/p>\n<h2>Informations Collect\u00e9es<\/h2>\n<h3><span class=\"fpar\">G\u00e9n\u00e9ral<\/span><\/h3>\n<p><span class=\"fpar\">Lorsque vous interagissez avec le Service, nos serveurs maintiennent un journal d\u2019activit\u00e9. Il collecte certaines informations administratives y compris: source de l\u2019adresse IP, heure et date d\u2019acc\u00e8s, page Web(s) visit\u00e9es, rapports de mal-fonction de logiciel, etc. qui sont essentiels pour le service \u00e0 la client\u00e8le. Nous ne recueillons aucun renseignement personnel sur vous sur le service sans votre connaissance.<\/span><\/p>\n<h3>Personnelle<\/h3>\n<p>Il s\u2019agit l\u00e0 d\u2019une information qui peut \u00eatre utilis\u00e9e pour identifier une personne, y compris, mais non limit\u00e9 a, le pr\u00e9nom et le nom, la date de naissance, domicile ou adresse postale, adresse \u00e9lectronique, num\u00e9ro de t\u00e9l\u00e9phone ou d\u2019autres informations de contact. Il peut vous \u00eatre demand\u00e9 de fournir des renseignements personnels lorsque vous vous inscrivez pour membre d\u2019appartenance du Service ou \u00e0 une autre utilisation du Service. Les renseignements personnelles que nous recueillons peuvent inclure des informations telles que: l\u2019historique des transactions, l\u2019utilisation des sites Web pr\u00e9f\u00e9r\u00e9es et commentaires concernant le Service.<\/p>\n<h2>La Collecte et le Traitement des Donn\u00e9es<\/h2>\n<p><span class=\"fpar\">Nous pouvons automatiquement recueillir l\u2019information de donn\u00e9es et recevoir de l\u2019information personnelle vous concernant via l\u2019adh\u00e9sion au Service ou selon d\u2019autres communications ou interactions avec la Compagnie. Nous pourrions faire appel a un fournisseur de services tiers pour fournir un appui technique, traiter vos transactions en ligne et de g\u00e9rer vos comptes en ligne. Informations g\u00e9n\u00e9rales et personnelles pourraient \u00eatre divulgu\u00e9es \u00e0 nos employ\u00e9es ou aux fournisseurs de services tiers impliqu\u00e9es pour proc\u00e9der vos transactions ou pour le support technique de votre Service.<\/span><\/p>\n<h2>Utilisation de l\u2019Information<\/h2>\n<p><span class=\"fpar\">Nous utilisons les renseignements personnels que nous recueillons aupr\u00e8s de vous pour offrir aux clients un meilleur service a la client\u00e8le, fournir le service, et pour diverses autres exigences de l\u2019entreprise. Vos renseignements personnels peuvent \u00e9galement \u00eatre partag\u00e9s avec nos soci\u00e9t\u00e9s affili\u00e9es, filiales, agents et fournisseurs afin de fournir le Service, des offres promotionnelles et des informations concernant notre entreprise et le Service.<\/span><\/p>\n<h2>Divulgations Automatique<\/h2>\n<p><span class=\"fpar\">Nous pouvons divulguer vos renseignements personnels si nous sommes requis de le faire pour se conformer \u00e0 toute proc\u00e9dure judiciaire \u00e0 l\u2019encontre du Service ou pour prot\u00e9ger nos droits ou \u00e0 la propri\u00e9t\u00e9.<\/span><\/p>\n<p>\u00c0 notre seule discr\u00e9tion, si vous \u00eates soup\u00e7onn\u00e9 d\u2019avoir fraud\u00e9 ou tent\u00e9 de frauder la Compagnie ou tout autre utilisation de ce Service de fa\u00e7on ou d\u2019une autre, y compris, mais pas limit\u00e9 \u00e0 la manipulation du jeu ou la fraude sur les paiements, nous nous r\u00e9servons le droit de partager cette information et vos renseignements personnels avec les organismes appropri\u00e9s.<\/p>\n<p>Si nous devons entreprendre les proc\u00e9dure de faillite ou \u00eatre acquis par un tiers, fusionner avec un tiers, vendre la totalit\u00e9 ou une partie de nos actifs, ou transf\u00e9rer la majeure partie de nos actif \u00e0 un tiers, nous sommes en droit de communiquer les renseignements personnels et toute autres informations que vous avez fournies via le Service aux entreprises ou partenaires potentiel de cette fusion.<\/p>\n<h2>Promotions et Concours<\/h2>\n<p><span class=\"fpar\">P\u00e9riodiquement, nous allons demander aupr\u00e8s de vous des renseignements personnels via sondages ou concours. La participation \u00e0 ces sondages ou concours est totalement volontaire. Si vous choisissez de participer \u00e0 ces sondages ou concours et que vous gagn\u00e9, en acceptant le prix du concours ou de gain de nous, vous consentez \u00e0 l\u2019utilisation de votre nom et image \u00e0 des fins publicitaires et promotionnelles sans compensation additionnelle, sauf si la loi l\u2019interdit. Nous sommes \u00e9galement susceptibles d\u2019utiliser vos informations personnelles pour vous fournir des informations concernant les produits, services et promotions, incluant d\u2019autres produits de jeux de notre Compagnie ainsi que nos partenaires affili\u00e9es telles que de jeu de Bingo \u00e9lectronique personnel, jeux personnels et loteries. Nous nous engageons \u00e0 ne pas vendre, louer ou partager vos renseignements personnels sauf dans le cas stipul\u00e9 dans la pr\u00e9sente Politique de protection de la vie priv\u00e9e.<\/span><\/p>\n<h2>Mise \u00c0 Jour De L\u2019Informations<\/h2>\n<p><span class=\"fpar\">Vous pouvez mettre \u00e0 jour vos informations personnelles, supprimez l\u2019information ou en option de ne pas recevoir toute communication promotionnelle de nous en nous envoyant un courriel \u00e0 service@socialygk.com. Vous allez devoir peut-\u00eatre devoir fournir une preuve raisonnable pour que de telles modifications soient compl\u00e9t\u00e9es.<\/span><\/p>\n<h2>Utilisation des Cookies<\/h2>\n<p><span class=\"fpar\">Nous utilisons les cookies pour am\u00e9liorer le service. Vous avez la possibilit\u00e9 d\u2019accepter ou de refuser les cookies via votre navigateur en ligne. Refuser les cookies peut nuire \u00e0 votre utilisation du Service.<\/span><\/p>\n<h2>S\u00e9curit\u00e9<\/h2>\n<p><span class=\"fpar\">Nous nous r\u00e9servons le droit de proc\u00e9der \u00e0 un examen de la s\u00e9curit\u00e9 \u00e0 tout moment pour valider votre identit\u00e9, l\u2019\u00e2ge et les donn\u00e9es d\u2019inscription fournies par vous. Nous pouvons \u00e9galement v\u00e9rifier l\u2019utilisation de votre compte de site web et vos transactions financi\u00e8res avec le Service pour \u00e9ventuelle violation de nos conditions g\u00e9n\u00e9rales et de la loi applicable. L\u2019acceptation de cette Politique de protection de la vie priv\u00e9e nous autorise, notre personnel, des filiales et des agents a l\u2019utilisation de vos renseignements personnels et de divulguer vos informations personnelles a des tiers \u00e0 des fins de validation des informations que vous nous avez fournies. Vous vous engagez \u00e9galement \u00e0 fournir de telles informations ou de documentation que nous pourrions vous demander.<\/span><\/p>\n<p>Nous comprenons l\u2019importance de la s\u00e9curit\u00e9 de l\u2019information et les techniques n\u00e9cessaires pour la s\u00e9curit\u00e9 de ses renseignements. Nous entreposons toutes les informations personnelles que nous recevons de vous directement dans une base de donn\u00e9es prot\u00e9g\u00e9e par mot de passe sur des serveurs bas\u00e9s au Canada avec un logiciel de pare-feu actif.<\/p>\n<h2>Protection des Mineurs<\/h2>\n<p><span class=\"fpar\">Le Service n\u2019est pas destin\u00e9 \u00e0 des personnes de moins de 18 ans. Toute personne qui fournit des informations \u00e0 travers du Service repr\u00e9sente pour nous qu\u2019ils sont \u00e2g\u00e9s de 18 ans ou plus. Cela peut impliquer que nous ayons \u00e0 acc\u00e9der et v\u00e9rifier vos informations personnelles. Si nous nous rendons compte qu\u2019un mineur a tent\u00e9 de ou a soumis des renseignements personnels par l\u2019interm\u00e9diaire de notre site Web, nous allons prendre des mesures pour supprimer ces renseignements de nos dossiers.<\/span><\/p>\n<h2>Pratiques Tierces<\/h2>\n<p><span class=\"fpar\">Nous n\u2019assumons aucune responsabilit\u00e9 de quelque nature que ce soit pour les pratiques, les actions ou les politiques des fournisseurs de services tiers, et nous ne sommes pas responsable du contenu ou des pratiques concernant la protection de ces tierces parties.<\/span><\/p>\n<h2>Clause de Non-responsabilit\u00e9<\/h2>\n<p><span class=\"fpar\">Le Service fonctionne \u201cEN L\u2019\u00c9TAT\u201c et \u201cTEL QUEL\u201c, sans aucune responsabilit\u00e9 d\u2019aucune sorte. En raison de la complexit\u00e9 des technologies de l\u2019internet, nous ne pouvons garantir une performance sans erreur concernant la confidentialit\u00e9 de vos informations personnelles, et nous ne serons pas tenu responsable de dommages indirects, cons\u00e9cutifs ou punitifs relatifs \u00e0 l\u2019utilisation ou de la divulgation d\u2019informations personnelles. Nous ne sommes pas responsables des \u00e9v\u00e9nements au-del\u00e0 de notre contr\u00f4le direct.<\/span><\/p>\n<h2>Traduction\/Translation<\/h2>\n<p><span class=\"fpar\">La traduction Fran\u00e7aise de ce document a \u00e9t\u00e9 faite par un volontaire et la version Anglaise pr\u00e9domine si une erreur de traduction est omise.<\/span><\/p>\n<p><span style=\"color: #ff0000;\">The French translation of this document has been done by a volunteer and the English version is to be final in case of discrepancies.<\/span>[\/vc_column_text][\/vc_column][\/vc_row]<\/p>\n<\/section>","protected":false},"excerpt":{"rendered":"<p>[vc_row css=&#8221;.vc_custom_1560104229490{margin: 25px !important;background-color: #000000 !important;}&#8221; el_class=&#8221;dark-content-wrapper&#8221;][vc_column][vc_column_text] D\u00e9claration de Respect de la Vie Priv\u00e9e Dans cette politique de protection de la vie priv\u00e9e, les r\u00e9f\u00e9rences \u00e0 la \u201cCompagnie\u201d, \u201cnous\u201d ou le \u201cService\u201d devra se rapporter au site internet anglais www.socialygk.com [&hellip;]<\/p>\n","protected":false},"author":1,"featured_media":0,"parent":0,"menu_order":0,"comment_status":"closed","ping_status":"closed","template":"full-width.php","meta":{"_acf_changed":false,"inline_featured_image":false,"footnotes":""},"class_list":["post-3235","page","type-page","status-publish","hentry"],"translation":{"provider":"WPGlobus","version":"3.0.0","language":"fr","enabled_languages":["ca","fr"],"languages":{"ca":{"title":true,"content":true,"excerpt":false},"fr":{"title":true,"content":true,"excerpt":false}}},"acf":[],"_links":{"self":[{"href":"https:\/\/socialygk.com\/fr\/wp-json\/wp\/v2\/pages\/3235","targetHints":{"allow":["GET"]}}],"collection":[{"href":"https:\/\/socialygk.com\/fr\/wp-json\/wp\/v2\/pages"}],"about":[{"href":"https:\/\/socialygk.com\/fr\/wp-json\/wp\/v2\/types\/page"}],"author":[{"embeddable":true,"href":"https:\/\/socialygk.com\/fr\/wp-json\/wp\/v2\/users\/1"}],"replies":[{"embeddable":true,"href":"https:\/\/socialygk.com\/fr\/wp-json\/wp\/v2\/comments?post=3235"}],"version-history":[{"count":9,"href":"https:\/\/socialygk.com\/fr\/wp-json\/wp\/v2\/pages\/3235\/revisions"}],"predecessor-version":[{"id":14006,"href":"https:\/\/socialygk.com\/fr\/wp-json\/wp\/v2\/pages\/3235\/revisions\/14006"}],"wp:attachment":[{"href":"https:\/\/socialygk.com\/fr\/wp-json\/wp\/v2\/media?parent=3235"}],"curies":[{"name":"wp","href":"https:\/\/api.w.org\/{rel}","templated":true}]}}