{"id":3256,"date":"2019-06-09T14:40:33","date_gmt":"2019-06-09T18:40:33","guid":{"rendered":"https:\/\/socialygk.com\/?page_id=3256"},"modified":"2019-11-13T09:52:58","modified_gmt":"2019-11-13T14:52:58","slug":"social-media-guidelines","status":"publish","type":"page","link":"https:\/\/socialygk.com\/fr\/social-media-guidelines\/","title":{"rendered":"Lignes Directrices Sur La Participation Aux M\u00e9dias Sociaux (V1.0)"},"content":{"rendered":"<section class=\"wpb-content-wrapper\"><p>[vc_row el_class=&#8221;dark-content-wrapper&#8221;][vc_column][vc_column_text]Le\u00a0<strong>Social YGK<\/strong> se sert de sites de m\u00e9dias sociaux pour :<\/p>\n<ul>\n<li>partager du contenu pertinent et int\u00e9ressant avec ses clients, partenaires et parties int\u00e9ress\u00e9es;<\/li>\n<li>participer \u00e0 des conversations \u00e0 propos de ses activit\u00e9s.<\/li>\n<\/ul>\n<p>Le contenu publi\u00e9 par le biais des r\u00e9seaux sociaux du\u00a0<strong>Social YGK<\/strong> est destin\u00e9 \u00e0 un public adulte. Vous devez \u00eatre \u00e2g\u00e9 de 19 ans ou plus pour entrer physiquement au centre de jeu de bienfaisance. Une pi\u00e8ce d\u2019identit\u00e9 avec photo \u00e9mise par l\u2019\u00c9tat peut \u00eatre exig\u00e9e comme preuve de l\u2019\u00e2ge d\u2019un client. Vous devez \u00eatre \u00e2g\u00e9 de 19 ans ou plus pour participer \u00e0 des activit\u00e9s de loterie et de jeu ou aux promotions et concours associ\u00e9s au <strong>Social YGK<\/strong>. Une pi\u00e8ce d\u2019identit\u00e9 avec photo \u00e9mise par l\u2019\u00c9tat peut \u00eatre exig\u00e9e comme preuve de l\u2019\u00e2ge d\u2019un client.<\/p>\n<p>Nous invitons les utilisateurs \u00e0 communiquer avec nous par l\u2019entremise de nos r\u00e9seaux sociaux, y compris Facebook, Twitter et Instagram.<\/p>\n<p>En soumettant toute forme de contenu, y compris des photos, des vid\u00e9os, des commentaires, des messages, des comptes rendus ou des gazouillis sur un r\u00e9seau social, vous acceptez de vous conformer aux modalit\u00e9s des pr\u00e9sentes lignes directrices concernant la participation.<\/p>\n<h2>Contenu et commentaires<\/h2>\n<p>Le Play! Gaming &#038; Entertainment publie et communique diff\u00e9rents contenus, notamment\u00a0:<\/p>\n<ul>\n<li>des annonces, des \u00e9v\u00e9nements, des concours et des activit\u00e9s;<\/li>\n<li>des publications sur les partenaires de la collectivit\u00e9;<\/li>\n<li>des informations relatives au secteur.<\/li>\n<\/ul>\n<p>Lorsque le\u00a0<strong>Social YGK<\/strong> consultera les commentaires d\u2019un utilisateur, il \u00e9valuera et publiera des commentaires appropri\u00e9s en temps opportun, y compris :<\/p>\n<ul>\n<li>en r\u00e9pondant aux messages ou aux gazouillis;<\/li>\n<li>en orientant les utilisateurs vers des services plus appropri\u00e9s (par exemple le courriel du Service \u00e0 la client\u00e8le\u00a0:\u00a0<a href=\"mailto:service@socialygk.com\">service@socialygk.com<\/a>).<\/li>\n<\/ul>\n<p>En soumettant du contenu (des photos, des vid\u00e9os, des publications ou des gazouillis) aux sites des r\u00e9seaux sociaux du <strong>Social YGK<\/strong>, vous autorisez ces sites \u00e0 partager ce contenu dans diff\u00e9rents m\u00e9dias sociaux. Si vous voulez que ce contenu soit retir\u00e9, veuillez \u00e9crire \u00e0 : <u><a href=\"mailto:SocialMedia@socialygk.com\">SocialMedia@socialygk.com<\/a><\/u><\/p>\n<h2>Droits et responsabilit\u00e9s<\/h2>\n<p>Le <strong>Social YGK<\/strong> se r\u00e9serve le droit de supprimer et de signaler tout contenu, y compris :<\/p>\n<ul>\n<li>les publications obsc\u00e8nes, offensantes, grossi\u00e8res, mena\u00e7antes, diffamatoires, harcelantes ou de nature haineuse;<\/li>\n<li>les publications qui sont hors sujet, non pertinentes, publi\u00e9es en double, inappropri\u00e9es ou ind\u00e9sirables;<\/li>\n<li>des promotions, des publicit\u00e9s ou des sollicitations pour des biens ou des services.<\/li>\n<\/ul>\n<p>La d\u00e9cision du\u00a0<strong>Social YGK<\/strong> d\u2019\u00ab AIMER \u00bb ou de suivre d\u2019autres utilisateurs ou de se connecter \u00e0 eux et le fait qu\u2019il partage du contenu ou des commentaires d\u2019autres utilisateurs, y fait r\u00e9f\u00e9rence ou ins\u00e8re des liens vers eux ne signifie aucunement que le <strong>Social YGK<\/strong> les approuve.<\/p>\n<p>Le\u00a0<strong>Social YGK<\/strong> peut \u00e9tablir des liens vers d\u2019autres sites et services comprenant du contenu et des commentaires cr\u00e9\u00e9s par d\u2019autres. Le <strong>Social YGK<\/strong> n\u2019est pas responsable de ces sites ou services ni de leur contenu.[\/vc_column_text][\/vc_column][\/vc_row]<\/p>\n<\/section>","protected":false},"excerpt":{"rendered":"<p>[vc_row el_class=&#8221;dark-content-wrapper&#8221;][vc_column][vc_column_text]Le\u00a0Social YGK se sert de sites de m\u00e9dias sociaux pour : partager du contenu pertinent et int\u00e9ressant avec ses clients, partenaires et parties int\u00e9ress\u00e9es; participer \u00e0 des conversations \u00e0 propos de ses activit\u00e9s. Le contenu publi\u00e9 par le biais [&hellip;]<\/p>\n","protected":false},"author":1,"featured_media":0,"parent":0,"menu_order":0,"comment_status":"closed","ping_status":"closed","template":"full-width.php","meta":{"_acf_changed":false,"inline_featured_image":false,"footnotes":""},"class_list":["post-3256","page","type-page","status-publish","hentry"],"translation":{"provider":"WPGlobus","version":"3.0.0","language":"fr","enabled_languages":["ca","fr"],"languages":{"ca":{"title":true,"content":true,"excerpt":false},"fr":{"title":true,"content":true,"excerpt":false}}},"acf":[],"_links":{"self":[{"href":"https:\/\/socialygk.com\/fr\/wp-json\/wp\/v2\/pages\/3256","targetHints":{"allow":["GET"]}}],"collection":[{"href":"https:\/\/socialygk.com\/fr\/wp-json\/wp\/v2\/pages"}],"about":[{"href":"https:\/\/socialygk.com\/fr\/wp-json\/wp\/v2\/types\/page"}],"author":[{"embeddable":true,"href":"https:\/\/socialygk.com\/fr\/wp-json\/wp\/v2\/users\/1"}],"replies":[{"embeddable":true,"href":"https:\/\/socialygk.com\/fr\/wp-json\/wp\/v2\/comments?post=3256"}],"version-history":[{"count":5,"href":"https:\/\/socialygk.com\/fr\/wp-json\/wp\/v2\/pages\/3256\/revisions"}],"predecessor-version":[{"id":7665,"href":"https:\/\/socialygk.com\/fr\/wp-json\/wp\/v2\/pages\/3256\/revisions\/7665"}],"wp:attachment":[{"href":"https:\/\/socialygk.com\/fr\/wp-json\/wp\/v2\/media?parent=3256"}],"curies":[{"name":"wp","href":"https:\/\/api.w.org\/{rel}","templated":true}]}}