{"id":3258,"date":"2019-06-09T14:42:49","date_gmt":"2019-06-09T18:42:49","guid":{"rendered":"https:\/\/socialygk.com\/?page_id=3258"},"modified":"2019-11-13T10:19:16","modified_gmt":"2019-11-13T15:19:16","slug":"social-media-contest-rules","status":"publish","type":"page","link":"https:\/\/socialygk.com\/fr\/social-media-contest-rules\/","title":{"rendered":"R\u00e8glement Des Concours Sur Les M\u00e9dias Sociaux"},"content":{"rendered":"<section class=\"wpb-content-wrapper\"><p>[vc_row el_class=&#8221;dark-content-wrapper&#8221;][vc_column][vc_column_text]AUCUN ACHAT N\u2019EST REQUIS POUR PARTICIPER OU GAGNER. LES ACHATS N\u2019AUGMENTENT PAS LES CHANCES DE GAGNER.<\/p>\n<p>1. Admissibilit\u00e9. Les concours ne sont ouverts qu\u2019aux personnes qui \u00ab AIMENT \u00bb la page Facebook de <strong>Social YGK<\/strong> OU \u00ab SUIVENT \u00bb le compte Twitter de <strong>Social YGK<\/strong> OU \u00ab SUIVENT \u00bb le compte Instagram de <strong>Social YGK<\/strong> et qui sont \u00e2g\u00e9es de 19 ans ou plus \u00e0 la date de participation. Les concours ne sont ouverts qu\u2019aux r\u00e9sidents l\u00e9gaux de l\u2019Ontario et sont nuls l\u00e0 o\u00f9 la loi l\u2019interdit. Les employ\u00e9s de <strong>Social YGK<\/strong>, ainsi que les employ\u00e9s de leurs soci\u00e9t\u00e9s affili\u00e9es, filiales et agences de publicit\u00e9 et de promotion (les \u00ab Employ\u00e9s \u00bb) ne sont pas admissibles \u00e0 participer aux concours. Les concours sont soumis \u00e0 toutes les lois f\u00e9d\u00e9rales et provinciales et \u00e0 tous les r\u00e8glements locaux applicables. Nuls l\u00e0 o\u00f9 la loi l\u2019interdit.<\/p>\n<p>Le contenu publi\u00e9 par le biais des r\u00e9seaux sociaux du <strong>Social YGK<\/strong> est destin\u00e9 \u00e0 un public adulte. Vous devez \u00eatre \u00e2g\u00e9 de 19 ans ou plus pour entrer physiquement au centre de jeu de bienfaisance. Une pi\u00e8ce d\u2019identit\u00e9 avec photo \u00e9mise par l\u2019\u00c9tat peut \u00eatre exig\u00e9e comme preuve de l\u2019\u00e2ge d\u2019un client. Vous devez \u00eatre \u00e2g\u00e9 de 19 ans ou plus pour participer \u00e0 des activit\u00e9s de loterie et de jeu ou aux promotions et concours associ\u00e9s au <strong>Social YGK<\/strong>. Une pi\u00e8ce d\u2019identit\u00e9 avec photo \u00e9mise par l\u2019\u00c9tat peut \u00eatre exig\u00e9e comme preuve de l\u2019\u00e2ge d\u2019un client.<\/p>\n<p>Les gagnants potentiels d\u2019un concours sur les m\u00e9dias sociaux devront se rendre au centre de jeu de bienfaisance de Kingston pour remplir et signer un formulaire de d\u00e9claration et renonciation avant que leur gain potentiel ne devienne officiel. \u00c0 ce moment, les gagnants potentiels devront pr\u00e9senter une pi\u00e8ce d\u2019identit\u00e9 avec photo \u00e9mise par l\u2019\u00c9tat jug\u00e9e convenable par la direction pour assurer le respect des restrictions relatives \u00e0 l\u2019\u00e2ge. Le d\u00e9faut de respecter toutes les lignes directrices concernant la participation aux m\u00e9dias sociaux et\/ou la totalit\u00e9 du R\u00e8glement des concours sur les m\u00e9dias sociaux, y compris notamment les exigences relatives \u00e0 l\u2019\u00e2ge, peut entra\u00eener la disqualification des gagnants potentiels. Dans un tel cas, un autre gagnant potentiel sera choisi pour recevoir le prix, conform\u00e9ment au r\u00e8glement.<\/p>\n<p>2. Acceptation du R\u00e8glement. En participant, le Participant (\u00ab Vous \u00bb) accepte d\u2019\u00eatre enti\u00e8rement et inconditionnellement li\u00e9 par le pr\u00e9sent R\u00e8glement. Vous d\u00e9clarez et garantissez que Vous respectez les conditions d\u2019admissibilit\u00e9. De plus, Vous convenez que les d\u00e9cisions de <strong>Social YGK<\/strong> sont finales et contraignantes relativement au contenu du concours.<\/p>\n<p>3. P\u00e9riode du Concours. Toutes les participations doivent \u00eatre re\u00e7ues au plus tard \u00e0 la date sp\u00e9cifi\u00e9e sur la publication Facebook, le gazouillis Twitter ou la publication Instagram.<\/p>\n<p>4. Comment participer. Pour participer au concours, vous devez \u00ab AIMER \u00bb la page Facebook de <strong>Social YGK<\/strong> ou \u00ab SUIVRE \u00bb le compte Twitter de <strong>Social YGK<\/strong> ou \u00ab SUIVRE \u00bb le compte Instagram de <strong>Social YGK<\/strong> et \u00ab aimer \u00bb et \u00ab commenter \u00bb les publications sp\u00e9cifi\u00e9es. La participation doit respecter toutes les exigences du concours, selon ce qui est sp\u00e9cifi\u00e9, pour \u00eatre admissible \u00e0 gagner un prix. Les participations qui sont incompl\u00e8tes ou qui ne respectent pas le r\u00e8glement ou les sp\u00e9cifications peuvent \u00eatre disqualifi\u00e9es \u00e0 la seule discr\u00e9tion de <strong>Social YGK<\/strong>. Vous ne pouvez participer qu\u2019une seule fois. Vous devez fournir les renseignements demand\u00e9s. Vous ne pouvez pas participer plus de fois que le nombre de fois indiqu\u00e9 en utilisant plusieurs adresses de courriel, identit\u00e9s ou appareils pour tenter de contourner le r\u00e8glement. Si Vous avez recours \u00e0 des m\u00e9thodes frauduleuses ou autres afin de contourner le r\u00e8glement, votre participation peut \u00eatre disqualifi\u00e9e \u00e0 la seule discr\u00e9tion de <strong>Social YGK<\/strong>.<\/p>\n<p>5. Le Gagnant du concours (le \u00ab Gagnant \u00bb) recevra le prix, tel que sp\u00e9cifi\u00e9. La valeur r\u00e9elle\/estim\u00e9e du prix peut diff\u00e9rer au moment de son attribution. Les d\u00e9tails du prix sont d\u00e9termin\u00e9s uniquement par <strong>Social YGK<\/strong>. Aucun \u00e9quivalent en argent ni aucune autre substitution de prix ne seront offerts. Le prix ne peut \u00eatre transf\u00e9r\u00e9. Tous les imp\u00f4ts et taxes f\u00e9d\u00e9raux, provinciaux et municipaux relatifs au prix doivent \u00eatre enti\u00e8rement assum\u00e9s par le Gagnant. Aucune substitution ni aucun transfert\/cession du prix \u00e0 d\u2019autres ou demande d\u2019\u00e9quivalent en argent par le Gagnant ne seront effectu\u00e9s. En acceptant le prix, le Gagnant autorise <strong>Social YGK<\/strong> \u00e0 utiliser son nom, sa repr\u00e9sentation et sa participation \u00e0 des fins publicitaires et commerciales sans autre indemnisation, \u00e0 moins que la loi ne l\u2019interdise.<\/p>\n<p>6. Probabilit\u00e9s. Les probabilit\u00e9s de gagner d\u00e9pendent du nombre de participations admissibles re\u00e7ues.<\/p>\n<p>7. S\u00e9lection et notification du Gagnant. Le Gagnant sera s\u00e9lectionn\u00e9 au moyen d\u2019un tirage au hasard supervis\u00e9 par <strong>Social YGK<\/strong>. Le Gagnant sera avis\u00e9 au moyen d\u2019un message sur Facebook, Twitter ou Instagram dans les deux (2) jours suivant la s\u00e9lection du Gagnant. <strong>Social YGK<\/strong> ne pourra \u00eatre tenu responsable si le Gagnant ne re\u00e7oit pas de notifications en raison de param\u00e8tres relatifs au courrier ind\u00e9sirable ou d\u2019autres param\u00e8tres de s\u00e9curit\u00e9 ou si le Gagnant a fourni des coordonn\u00e9es inexactes ou autrement non fonctionnelles. Si le Gagnant ne peut \u00eatre contact\u00e9, n\u2019est pas admissible, ne r\u00e9clame pas le prix dans les sept (7) jours suivant l\u2019envoi de la notification d\u2019attribution du prix ou ne retourne pas le formulaire de d\u00e9claration et renonciation d\u00fbment rempli et sign\u00e9 dans le d\u00e9lai prescrit, selon ce qui est exig\u00e9, il perdra le prix et un autre Gagnant sera s\u00e9lectionn\u00e9. La r\u00e9ception du prix par le Gagnant est conditionnelle au respect de toutes les lois f\u00e9d\u00e9rales et provinciales et de tous les r\u00e8glements locaux applicables. TOUTE VIOLATION DU PR\u00c9SENT R\u00c8GLEMENT OFFICIEL PAR LE GAGNANT (\u00c0 LA SEULE DISCR\u00c9TION DE <strong>Social YGK<\/strong>) ENTRA\u00ceNERA LA DISQUALIFICATION DU GAGNANT DU CONCOURS ET METTRA IMM\u00c9DIATEMENT FIN \u00c0 TOUS SES PRIVIL\u00c8GES DE GAGNANT.<\/p>\n<p>8. Droits accord\u00e9s par Vous. En participant au concours (photo, vid\u00e9o, texte, etc.), Vous comprenez et acceptez que <strong>Social YGK<\/strong>, quiconque agissant en son nom et les titulaires de licences, ayants cause et cessionnaires de <strong>Social YGK<\/strong> ont le droit, l\u00e0 o\u00f9 la loi le permet, d\u2019imprimer, de publier, de diffuser, de distribuer et d\u2019utiliser dans tous les m\u00e9dias actuellement connus ou cr\u00e9\u00e9s \u00e0 l\u2019avenir, \u00e0 perp\u00e9tuit\u00e9 et dans le monde entier, sans restriction, votre participation, votre nom, votre portrait, votre photo, votre voix, votre repr\u00e9sentation, votre image, vos d\u00e9clarations au sujet du concours et vos renseignements biographiques dans des nouvelles et \u00e0 des fins publicitaires, informatives, commerciales ou promotionnelles, ou pour des relations publiques et des promotions, sans autre indemnisation, pr\u00e9avis, examen ou consentement de votre part.<\/p>\n<p>9. Modalit\u00e9s. <strong>Social YGK<\/strong> se r\u00e9serve le droit, \u00e0 sa seule discr\u00e9tion, d\u2019annuler, de cesser, de modifier ou de suspendre le concours si un virus, un bogue, une intervention humaine non autoris\u00e9e, une fraude ou toute autre cause \u00e9chappant \u00e0 la volont\u00e9 de <strong>Social YGK<\/strong> compromet ou affecte l\u2019administration, la s\u00e9curit\u00e9, l\u2019\u00e9quit\u00e9 ou la bonne marche du concours. Si une telle situation se produit, <strong>Social YGK<\/strong> peut s\u00e9lectionner le Gagnant parmi toutes les participations admissibles re\u00e7ues avant ou apr\u00e8s (selon le cas) la mesure prise par <strong>Social YGK<\/strong>. <strong>Social YGK<\/strong> se r\u00e9serve le droit, \u00e0 sa seule discr\u00e9tion, de disqualifier toute personne qui corrompt ou tente de corrompre le processus de participation, le d\u00e9roulement du concours ou le site Web ou qui contrevient aux pr\u00e9sentes modalit\u00e9s. <strong>Social YGK<\/strong> se r\u00e9serve le droit, \u00e0 sa seule discr\u00e9tion, d\u2019annuler des votes pour tout motif afin de pr\u00e9server l\u2019int\u00e9grit\u00e9 du concours, y compris notamment : les participations multiples provenant d\u2019un m\u00eame utilisateur et d\u2019adresses IP diff\u00e9rentes, les participations multiples provenant d\u2019un m\u00eame ordinateur et d\u00e9passant le nombre de participations permis par le r\u00e8glement du concours ou l\u2019utilisation de robots, de macros, de scripts ou d\u2019autres moyens techniques pour participer. Toute tentative d\u2019endommager d\u00e9lib\u00e9r\u00e9ment un site Web ou de nuire au d\u00e9roulement l\u00e9gitime du concours constitue une violation des lois civiles et criminelles. Dans l\u2019\u00e9ventualit\u00e9 d\u2019une telle tentative, <strong>Social YGK<\/strong> se r\u00e9serve le droit de rechercher des dommages-int\u00e9r\u00eats dans toute la mesure permise par la loi.<\/p>\n<p>10. Limite de responsabilit\u00e9. En participant, Vous acceptez d\u2019exon\u00e9rer et de d\u00e9gager <strong>Social YGK<\/strong> et ses filiales, soci\u00e9t\u00e9s affili\u00e9es, agences de publicit\u00e9 et de promotion, partenaires, repr\u00e9sentants, mandataires, ayants cause, cessionnaires, employ\u00e9s, dirigeants et administrateurs de toute responsabilit\u00e9, notamment pour la maladie, les blessures, la mort, les pertes, les litiges, les r\u00e9clamations ou les dommages pouvant survenir directement ou indirectement, qu\u2019ils soient caus\u00e9s ou non par la n\u00e9gligence, par suite : (i) de votre participation au concours et\/ou de votre acceptation, possession, usage ou mauvais usage de tout ou partie d\u2019un prix; (ii) d\u2019une d\u00e9faillance technique quelle qu\u2019elle soit, y compris notamment le mauvais fonctionnement d\u2019un ordinateur, d\u2019un c\u00e2ble, d\u2019un r\u00e9seau, de mat\u00e9riel ou de logiciels informatiques ou de tout autre \u00e9quipement m\u00e9canique; (iii) de l\u2019indisponibilit\u00e9 ou de l\u2019inaccessibilit\u00e9 de transmissions, d\u2019une ligne t\u00e9l\u00e9phonique ou d\u2019Internet; (iv) d\u2019une intervention humaine non autoris\u00e9e dans tout \u00e9l\u00e9ment du processus de participation \u00e0 la promotion; (v) d\u2019une erreur \u00e9lectronique ou humaine dans l\u2019administration de la promotion ou du traitement des participations.<\/p>\n<p>11. LE PR\u00c9SENT CONCOURS EST R\u00c9GI PAR LES LOIS DU CANADA ET DE L\u2019ONTARIO, SANS \u00c9GARD AUX DOCTRINES RELATIVES AUX CONFLITS DE LOIS. Comme condition de participation au concours, le participant accepte que tout litige entre les parties qui ne peut \u00eatre r\u00e9solu et toute cause d\u2019action d\u00e9coulant du concours ou s\u2019y rapportant soient r\u00e9solus individuellement, sans recourir \u00e0 aucune forme de recours collectif, et exclusivement par un tribunal comp\u00e9tent de l\u2019Ontario. De plus, dans un tel litige, le participant ne pourra en aucun cas \u00eatre indemnis\u00e9 pour dommages-int\u00e9r\u00eats punitifs, accessoires ou cons\u00e9cutifs, y compris les honoraires raisonnables d\u2019avocat, autres que les d\u00e9bours r\u00e9els du participant (les co\u00fbts associ\u00e9s \u00e0 la participation au concours), et le participant renonce par les pr\u00e9sentes \u00e0 tous droits \u00e0 de tels dommages-int\u00e9r\u00eats. Le participant renonce \u00e9galement \u00e0 tous droits \u00e0 des dommages-int\u00e9r\u00eats major\u00e9s.<\/p>\n<p>12. Politique de confidentialit\u00e9. Les informations fournies avec la participation sont soumises \u00e0 la politique de confidentialit\u00e9 \u00e9nonc\u00e9e sur le site Web de <strong>Social YGK<\/strong> et aux modalit\u00e9s du pr\u00e9sent r\u00e8glement des concours sur les m\u00e9dias sociaux.<\/p>\n<p>13. <strong>Social YGK<\/strong> est le Commanditaire du concours.<\/p>\n<p>14. Le concours est organis\u00e9 par <strong>Social YGK<\/strong> et n\u2019est aucunement commandit\u00e9, endoss\u00e9 ni administr\u00e9 par Facebook ni ne lui est associ\u00e9.<\/p>\n<p>15. Le concours est organis\u00e9 par <strong>Social YGK<\/strong> et n\u2019est aucunement commandit\u00e9, endoss\u00e9 ni administr\u00e9 par Twitter ni ne lui est associ\u00e9.<\/p>\n<p>16. Instagram. Le concours est organis\u00e9 par <strong>Social YGK<\/strong> et n\u2019est aucunement commandit\u00e9, endoss\u00e9 ni administr\u00e9 par Instagram ni ne lui est associ\u00e9.[\/vc_column_text][\/vc_column][\/vc_row]<\/p>\n<\/section>","protected":false},"excerpt":{"rendered":"<p>[vc_row el_class=&#8221;dark-content-wrapper&#8221;][vc_column][vc_column_text]AUCUN ACHAT N\u2019EST REQUIS POUR PARTICIPER OU GAGNER. LES ACHATS N\u2019AUGMENTENT PAS LES CHANCES DE GAGNER. 1. Admissibilit\u00e9. Les concours ne sont ouverts qu\u2019aux personnes qui \u00ab AIMENT \u00bb la page Facebook de Social YGK OU \u00ab SUIVENT \u00bb [&hellip;]<\/p>\n","protected":false},"author":1,"featured_media":0,"parent":0,"menu_order":0,"comment_status":"closed","ping_status":"closed","template":"full-width.php","meta":{"_acf_changed":false,"inline_featured_image":false,"footnotes":""},"class_list":["post-3258","page","type-page","status-publish","hentry"],"translation":{"provider":"WPGlobus","version":"3.0.0","language":"fr","enabled_languages":["ca","fr"],"languages":{"ca":{"title":true,"content":true,"excerpt":false},"fr":{"title":true,"content":true,"excerpt":false}}},"acf":[],"_links":{"self":[{"href":"https:\/\/socialygk.com\/fr\/wp-json\/wp\/v2\/pages\/3258","targetHints":{"allow":["GET"]}}],"collection":[{"href":"https:\/\/socialygk.com\/fr\/wp-json\/wp\/v2\/pages"}],"about":[{"href":"https:\/\/socialygk.com\/fr\/wp-json\/wp\/v2\/types\/page"}],"author":[{"embeddable":true,"href":"https:\/\/socialygk.com\/fr\/wp-json\/wp\/v2\/users\/1"}],"replies":[{"embeddable":true,"href":"https:\/\/socialygk.com\/fr\/wp-json\/wp\/v2\/comments?post=3258"}],"version-history":[{"count":5,"href":"https:\/\/socialygk.com\/fr\/wp-json\/wp\/v2\/pages\/3258\/revisions"}],"predecessor-version":[{"id":7670,"href":"https:\/\/socialygk.com\/fr\/wp-json\/wp\/v2\/pages\/3258\/revisions\/7670"}],"wp:attachment":[{"href":"https:\/\/socialygk.com\/fr\/wp-json\/wp\/v2\/media?parent=3258"}],"curies":[{"name":"wp","href":"https:\/\/api.w.org\/{rel}","templated":true}]}}