{"id":3300,"date":"2019-06-09T19:48:10","date_gmt":"2019-06-09T23:48:10","guid":{"rendered":"https:\/\/socialygk.com\/?page_id=3300"},"modified":"2021-08-13T20:16:11","modified_gmt":"2021-08-14T00:16:11","slug":"employment-opportunities","status":"publish","type":"page","link":"https:\/\/socialygk.com\/fr\/employment-opportunities\/","title":{"rendered":"Opportunit\u00e9s D\u2019emploi"},"content":{"rendered":"<section class=\"wpb-content-wrapper\"><p>[vc_row el_class=&#8221;dark-content-wrapper&#8221;][vc_column][vc_column_text]<span class=\"fpar\">Envisager de devenir un membre de Social YGK. Nos parties de qualit\u00e9 assurent la prise en charge de nombreuses \u0153uvres de charit\u00e9s locales initiatives pour b\u00e2tir un meilleur Kingston et un meilleur Ontario.<\/span><\/p>\n<p><span class=\"fpar\">Social YGK offre un environnement de travail au service \u00e0 la client\u00e8le rapide, un d\u00e9fi \u00e0 l\u2019innovation. Nous sommes un employeur qui respecte l\u2019\u00e9galit\u00e9 opportunit\u00e9 d\u2019emploi et nous offrons une formation compl\u00e8te.<\/span><\/p>\n<h2 id=\"tw-target-text\" class=\"tw-data-text tw-ta tw-text-medium\" dir=\"ltr\" data-placeholder=\"Translation\"><span lang=\"fr\">Possitions Disponibles<\/span><\/h2>\n<p>[\/vc_column_text][\/vc_column][\/vc_row][vc_row el_class=&#8221;text-center&#8221;][vc_column]<a itemprop=\"url\" href=\"https:\/\/emplois.ca.indeed.com\/emplois?q=company%3A(Social%20YGK)&#038;l=Kingston,%20ON&#038;hl=fr\" target=\"_blank\"  class=\"edgtf-btn edgtf-btn-medium edgtf-btn-solid text-center edgtf-hover-animation\"  >\n            <span class=\"edgtf-btn-hover-item\" ><\/span>\n        <span class=\"edgtf-btn-text\">Tableau des offres d&#039;emploi<\/span>\n    <\/a>[\/vc_column][\/vc_row][vc_row el_class=&#8221;dark-content-wrapper&#8221;][vc_column][vc_column_text]<\/p>\n<h2>Les descriptions d&#8217;emploi<\/h2>\n<ul>\n<li><a href=\"\/fr\/employment-opportunities\/host\/\">H\u00f4te<\/a><\/li>\n<li><a href=\"\/fr\/employment-opportunities\/bartender\/\">Barman \/ Barmaid<\/a><\/li>\n<li><a href=\"\/fr\/employment-opportunities\/wait-staff\/\">Serveur \/ Serveuse<\/a><\/li>\n<li><a href=\"\/fr\/employment-opportunities\/security-officer\/\">Agent de s\u00e9curit\u00e9 \/ Agente de s\u00e9curit\u00e9<\/a><\/li>\n<\/ul>\n<p>[\/vc_column_text][\/vc_column][\/vc_row]<\/p>\n<\/section>","protected":false},"excerpt":{"rendered":"<p>[vc_row el_class=&#8221;dark-content-wrapper&#8221;][vc_column][vc_column_text]Envisager de devenir un membre de Social YGK. Nos parties de qualit\u00e9 assurent la prise en charge de nombreuses \u0153uvres de charit\u00e9s locales initiatives pour b\u00e2tir un meilleur Kingston et un meilleur Ontario. Social YGK offre un environnement de [&hellip;]<\/p>\n","protected":false},"author":1,"featured_media":0,"parent":0,"menu_order":0,"comment_status":"closed","ping_status":"closed","template":"full-width.php","meta":{"_acf_changed":false,"inline_featured_image":false,"footnotes":""},"class_list":["post-3300","page","type-page","status-publish","hentry"],"translation":{"provider":"WPGlobus","version":"3.0.0","language":"fr","enabled_languages":["ca","fr"],"languages":{"ca":{"title":true,"content":true,"excerpt":false},"fr":{"title":true,"content":true,"excerpt":false}}},"acf":[],"_links":{"self":[{"href":"https:\/\/socialygk.com\/fr\/wp-json\/wp\/v2\/pages\/3300","targetHints":{"allow":["GET"]}}],"collection":[{"href":"https:\/\/socialygk.com\/fr\/wp-json\/wp\/v2\/pages"}],"about":[{"href":"https:\/\/socialygk.com\/fr\/wp-json\/wp\/v2\/types\/page"}],"author":[{"embeddable":true,"href":"https:\/\/socialygk.com\/fr\/wp-json\/wp\/v2\/users\/1"}],"replies":[{"embeddable":true,"href":"https:\/\/socialygk.com\/fr\/wp-json\/wp\/v2\/comments?post=3300"}],"version-history":[{"count":16,"href":"https:\/\/socialygk.com\/fr\/wp-json\/wp\/v2\/pages\/3300\/revisions"}],"predecessor-version":[{"id":13165,"href":"https:\/\/socialygk.com\/fr\/wp-json\/wp\/v2\/pages\/3300\/revisions\/13165"}],"wp:attachment":[{"href":"https:\/\/socialygk.com\/fr\/wp-json\/wp\/v2\/media?parent=3300"}],"curies":[{"name":"wp","href":"https:\/\/api.w.org\/{rel}","templated":true}]}}