{"id":3342,"date":"2019-06-22T09:55:30","date_gmt":"2019-06-22T13:55:30","guid":{"rendered":"https:\/\/socialygk.com\/?page_id=3342"},"modified":"2019-07-06T10:35:09","modified_gmt":"2019-07-06T14:35:09","slug":"wait-staff","status":"publish","type":"page","link":"https:\/\/socialygk.com\/fr\/employment-opportunities\/wait-staff\/","title":{"rendered":"Serveur \/ Serveuse"},"content":{"rendered":"<section class=\"wpb-content-wrapper\"><p>[vc_row el_class=&#8221;dark-content-wrapper&#8221;][vc_column][vc_column_text]<\/p>\n<h2>R\u00e9sum\u00e9 du poste<\/h2>\n<p>Nous cherchons des personnes \u00e9nergiques et fiables qui aiment le contact avec le public afin de joindre notre \u00e9quipe passionn\u00e9e et dynamique. Bien que ce soit un atout, une exp\u00e9rience en tant que serveur ou serveuse n\u2019est pas obligatoire. Nous offrons des programmes d\u2019orientation et de formation exhaustifs \u00e0 tous nos nouveaux employ\u00e9s. Si vous \u00eates sympathique, responsable, pr\u00eat \u00e0 travailler de jour et de soir et excellez dans le travail avec le public, nous sommes int\u00e9ress\u00e9s.<\/p>\n<p>Vous rel\u00e8verez du g\u00e9rant de s\u00e9ances et devrez vous conformer aux normes de la Commission des alcools et des jeux de l\u2019Ontario (CAJO), aux politiques et proc\u00e9dures d\u2019OLG et aux autres lois et r\u00e8glements municipaux, provinciaux et f\u00e9d\u00e9raux applicables. Vous aiderez \u00e0 maintenir de bonnes relations avec les clients ainsi qu\u2019avec tous les employ\u00e9s. Vous devrez respecter les normes de s\u00e9curit\u00e9 et de s\u00fbret\u00e9 de la soci\u00e9t\u00e9.<\/p>\n<h2>Principales responsabilit\u00e9s<\/h2>\n<ul>\n<li>Veiller \u00e0 ce que toutes les proc\u00e9dures du manuel de contr\u00f4le interne du centre, normes de la CAJO et politiques et proc\u00e9dures d\u2019OLG applicables soient strictement observ\u00e9es.<\/li>\n<li>Servir des mets et des boissons aux clients de mani\u00e8re rapide et efficace.<\/li>\n<li>Tenir la caisse conform\u00e9ment aux politiques du centre.<\/li>\n<li>Maintenir les aires de travail propres et organis\u00e9es.<\/li>\n<li>Offrir, directement ou indirectement, un service \u00e0 la client\u00e8le de qualit\u00e9 sup\u00e9rieure et promouvoir d\u2019excellents rapports entre les employ\u00e9s.<\/li>\n<li>Assumer des responsabilit\u00e9s ou des t\u00e2ches suppl\u00e9mentaires compatibles avec le r\u00e9sum\u00e9 du poste, pouvant \u00eatre assign\u00e9es \u00e0 la discr\u00e9tion du g\u00e9rant de s\u00e9ances.<\/li>\n<\/ul>\n<h2>Comp\u00e9tences minimales<\/h2>\n<ul>\n<li>Excellentes comp\u00e9tences en communication.<\/li>\n<li>Solides comp\u00e9tences interpersonnelles.<\/li>\n<li>Attitude positive.<\/li>\n<li>Capacit\u00e9 \u00e0 rester debout pendant la dur\u00e9e d\u2019un quart de travail de huit (8) heures.<\/li>\n<li>Une exp\u00e9rience en tant que serveur ou serveuse constitue un atout marqu\u00e9, sans \u00eatre obligatoire.<\/li>\n<li>Comp\u00e9tences de base en math\u00e9matiques li\u00e9es \u00e0 la manipulation d\u2019argent.<\/li>\n<li>Service \u00e0 la client\u00e8le offert de mani\u00e8re professionnelle, positive et extravertie.<\/li>\n<li>Allure professionnelle et soign\u00e9e.<\/li>\n<li>Capacit\u00e9 \u00e0 travailler dans des situations stressantes et sous pression tout en r\u00e9glant les probl\u00e8mes et en livrant les r\u00e9sultats attendus.<\/li>\n<li>Disponibilit\u00e9s le jour, le soir, la fin de semaine et les jours f\u00e9ri\u00e9s.<\/li>\n<li>Inscription li\u00e9e aux jeux de cat\u00e9gorie 2 de la CAJO (peut \u00eatre demand\u00e9e apr\u00e8s avoir re\u00e7u une offre d\u2019emploi, mais avant de commencer \u00e0 travailler).<\/li>\n<\/ul>\n<h2>Permis, certificats et\/ou inscriptions<\/h2>\n<ul>\n<li>Les candidats retenus doivent obtenir un certificat Smart Serve et en maintenir la validit\u00e9 (apr\u00e8s avoir re\u00e7u une offre d\u2019emploi).<\/li>\n<li>Les candidats retenus doivent obtenir un certificat relatif au Syst\u00e8me d\u2019information sur les mati\u00e8res dangereuses utilis\u00e9es au travail (SIMDUT) et en maintenir la validit\u00e9 (apr\u00e8s avoir re\u00e7u une offre d\u2019emploi).<\/li>\n<li>Inscription li\u00e9e aux jeux de cat\u00e9gorie 2 de la CAJO (peut \u00eatre demand\u00e9e apr\u00e8s avoir re\u00e7u une offre d\u2019emploi, mais avant de commencer \u00e0 travailler).<\/li>\n<\/ul>\n<p>[\/vc_column_text][vc_separator color=&#8221;chino&#8221; style=&#8221;dotted&#8221; border_width=&#8221;2&#8243; css=&#8221;.vc_custom_1561211318613{padding-top: 25px !important;padding-bottom: 25px !important;}&#8221;][vc_column_text]<\/p>\n<h3>LES CANDIDATS INT\u00c9RESS\u00c9S DOIVENT ENVOYER LEUR CURRICULUM VIT\u00c6 \u00c0<\/h3>\n<p><strong>The Social YGK<br \/>\nAttention: Human Resources<\/strong><br \/>\n1600 Bath Road<br \/>\nKingston, ON K7M 4X6<br \/>\n<strong><br \/>\nWebsite: <\/strong><a href=\"https:\/\/socialygk.com\">https:\/\/socialygk.com<\/a><br \/>\n<strong>Social Media:<\/strong> \/SocialYGK<\/p>\n<p>OU PAR T\u00c9L\u00c9COPIEUR 613-634-3135<br \/>\nOU PAR COURRIEL: <a href=\"mailto:service@socialygk.com\">service@socialygk.com<\/a><\/p>\n<p>Nous remercions tous les candidats de leur int\u00e9r\u00eat; cependant, seuls les candidats retenus pour une entrevue seront contact\u00e9s. Apr\u00e8s l\u2019entrevue, seuls les candidats \u00e0 qui un emploi sera offert seront contact\u00e9s.<\/p>\n<p>Votre curriculum vit\u00e6 sera conserv\u00e9 dans nos dossiers pendant une p\u00e9riode de trois mois, puis sera d\u00e9truit. Les candidats int\u00e9ress\u00e9s doivent pr\u00e9senter une nouvelle demande apr\u00e8s la p\u00e9riode de trois mois.[\/vc_column_text][\/vc_column][\/vc_row]<\/p>\n<\/section>","protected":false},"excerpt":{"rendered":"<p>[vc_row el_class=&#8221;dark-content-wrapper&#8221;][vc_column][vc_column_text] R\u00e9sum\u00e9 du poste Nous cherchons des personnes \u00e9nergiques et fiables qui aiment le contact avec le public afin de joindre notre \u00e9quipe passionn\u00e9e et dynamique. Bien que ce soit un atout, une exp\u00e9rience en tant que serveur ou [&hellip;]<\/p>\n","protected":false},"author":1,"featured_media":0,"parent":3300,"menu_order":0,"comment_status":"closed","ping_status":"closed","template":"full-width.php","meta":{"_acf_changed":false,"inline_featured_image":false,"footnotes":""},"class_list":["post-3342","page","type-page","status-publish","hentry"],"translation":{"provider":"WPGlobus","version":"3.0.0","language":"fr","enabled_languages":["ca","fr"],"languages":{"ca":{"title":true,"content":true,"excerpt":false},"fr":{"title":true,"content":true,"excerpt":false}}},"acf":[],"_links":{"self":[{"href":"https:\/\/socialygk.com\/fr\/wp-json\/wp\/v2\/pages\/3342","targetHints":{"allow":["GET"]}}],"collection":[{"href":"https:\/\/socialygk.com\/fr\/wp-json\/wp\/v2\/pages"}],"about":[{"href":"https:\/\/socialygk.com\/fr\/wp-json\/wp\/v2\/types\/page"}],"author":[{"embeddable":true,"href":"https:\/\/socialygk.com\/fr\/wp-json\/wp\/v2\/users\/1"}],"replies":[{"embeddable":true,"href":"https:\/\/socialygk.com\/fr\/wp-json\/wp\/v2\/comments?post=3342"}],"version-history":[{"count":4,"href":"https:\/\/socialygk.com\/fr\/wp-json\/wp\/v2\/pages\/3342\/revisions"}],"predecessor-version":[{"id":3662,"href":"https:\/\/socialygk.com\/fr\/wp-json\/wp\/v2\/pages\/3342\/revisions\/3662"}],"up":[{"embeddable":true,"href":"https:\/\/socialygk.com\/fr\/wp-json\/wp\/v2\/pages\/3300"}],"wp:attachment":[{"href":"https:\/\/socialygk.com\/fr\/wp-json\/wp\/v2\/media?parent=3342"}],"curies":[{"name":"wp","href":"https:\/\/api.w.org\/{rel}","templated":true}]}}