{"id":3344,"date":"2019-06-22T09:57:18","date_gmt":"2019-06-22T13:57:18","guid":{"rendered":"https:\/\/socialygk.com\/?page_id=3344"},"modified":"2019-07-13T12:13:40","modified_gmt":"2019-07-13T16:13:40","slug":"host","status":"publish","type":"page","link":"https:\/\/socialygk.com\/fr\/employment-opportunities\/host\/","title":{"rendered":"H\u00f4te (nourriture et boissons \/ jeux)"},"content":{"rendered":"<section class=\"wpb-content-wrapper\"><p>[vc_row el_class=&#8221;dark-content-wrapper&#8221;][vc_column][vc_column_text]<\/p>\n<h2>R\u00e9sum\u00e9 du poste<\/h2>\n<p>Vous aiderez au maintien de bonnes relations avec la client\u00e8le et de la politique de la porte ouverte avec tous les employ\u00e9s. Vous respecterez les normes de s\u00e9curit\u00e9 et de s\u00fbret\u00e9 de la soci\u00e9t\u00e9 et les proc\u00e9dures de contr\u00f4le interne \u00e9tablies au pr\u00e9alable. L\u2019h\u00f4te accueillera tous les clients de mani\u00e8re courtoise, professionnelle et positive tout en maintenant la zone de travail du restaurant propre et s\u00fbre.<\/p>\n<h2>Principales responsabilit\u00e9s<\/h2>\n<ul>\n<li>Rencontrer et accueillir tous les clients \u00e0 leur arriv\u00e9e sur place, distribuer les coupons appropri\u00e9s, et remplir tous les documents n\u00e9cessaires pour inscrire les clients aux programmes de fid\u00e9lisation, dans les syst\u00e8mes de r\u00e9servation, etc.<\/li>\n<li>V\u00e9rifier les pi\u00e8ces d\u2019identit\u00e9 pour veiller au respect des exigences en mati\u00e8re d\u2019\u00e2ge minimal pour le jeu et l\u2019alcool.<\/li>\n<li>Aider \u00e0 la mise en \u0153uvre des initiatives de divertissement, des promotions et des \u00e9v\u00e9nements sur place. Inscrire les clients, recueillir les billets, distribuer les cadeaux et effectuer d\u2019autres t\u00e2ches au besoin pour des \u00e9v\u00e9nements sp\u00e9cifiques.<\/li>\n<li>Pr\u00e9parer des rapports au besoin, photographier les gagnants de gros lots, et assumer d\u2019autres fonctions administratives, telles qu\u2019elles sont exig\u00e9es ou assign\u00e9es.<\/li>\n<li>Effectuer le paiement des lots en argent, et distribuer les bons gratuits \u00e9changeables dans les restaurants aux membres des programmes de fid\u00e9lisation.<\/li>\n<li>Conna\u00eetre parfaitement, en tout temps, toutes les promotions de l\u2019\u00e9tablissement et toutes les initiatives de la soci\u00e9t\u00e9. Suivre le jeu lors des tournois, des promotions et des \u00e9v\u00e9nements pour les joueurs tout en offrant de l\u2019aide, au besoin. Informer tous les autres employ\u00e9s de toute promotion \u00e0 venir en assistant aux r\u00e9unions avant les p\u00e9riodes de travail.<\/li>\n<li>Animer diff\u00e9rents \u00e9v\u00e9nements promotionnels, y compris des jeux-questionnaires, des d\u00e9gustations de vins, etc.<\/li>\n<li>Rester en tout temps attentif aux activit\u00e9s de jeu en g\u00e9n\u00e9ral et respecter les politiques et proc\u00e9dures de s\u00e9curit\u00e9 afin de s\u00e9curiser les actifs de la soci\u00e9t\u00e9.<\/li>\n<li>Promouvoir et maintenir un maximum d\u2019int\u00e9grit\u00e9 et un service \u00e0 la client\u00e8le de haut niveau; respecter tous les clients et employ\u00e9s.<\/li>\n<li>Lors des changements de quarts de travail, guider les nouveaux serveurs et les informer de tout \u00e9v\u00e9nement.<\/li>\n<li>Maintenir la section propre et veiller \u00e0 ce que le service \u00e0 la client\u00e8le soit efficace et exact conform\u00e9ment au manuel de contr\u00f4le interne (MCI) du Service de nourriture et boissons.<\/li>\n<li>Tenir une liste d\u2019attente lorsqu\u2019il y a une file pendant les p\u00e9riodes de grande affluence.<\/li>\n<li>Aider \u00e0 nettoyer et \u00e0 dresser les tables.<\/li>\n<li>Assigner les tables et escorter les clients \u00e0 leur table tout en tenant \u00e0 jour un plan des tables sur le plancher indiquant les tables libres et utilis\u00e9es.<\/li>\n<li>Maintenir un environnement de travail propre et s\u00fbr. Respecter les proc\u00e9dures de s\u00fbret\u00e9, y compris l\u2019utilisation du mat\u00e9riel de s\u00e9curit\u00e9 requis, et relever les pratiques ou conditions dangereuses.<\/li>\n<li>\u00catre disponible le jour, le soir et la nuit, y compris la fin de semaine et les jours f\u00e9ri\u00e9s.<\/li>\n<li>Pouvoir rester debout pendant des p\u00e9riodes pouvant atteindre 12 heures.<\/li>\n<li>Vous devrez vous conformer aux r\u00e8glements de la Commission des alcools et des jeux de l\u2019Ontario et aux autres lois et r\u00e8glements municipaux, provinciaux et f\u00e9d\u00e9raux applicables.<\/li>\n<li>Assumer les responsabilit\u00e9s ou les t\u00e2ches suppl\u00e9mentaires ou diff\u00e9rentes qui pourraient \u00eatre assign\u00e9es.<\/li>\n<\/ul>\n<h2>Comp\u00e9tences minimales<\/h2>\n<ul>\n<li>Dipl\u00f4me d\u2019\u00e9tudes secondaires ou une combinaison d\u2019exp\u00e9rience de travail et d\u2019\u00e9tudes comparables. Au moins un (1) an d\u2019exp\u00e9rience dans un domaine connexe.<\/li>\n<li>Capacit\u00e9 de travailler et d\u2019exceller alors que le rythme est rapide et que le niveau d\u2019activit\u00e9 est \u00e9lev\u00e9.<\/li>\n<li>Solides habilet\u00e9s organisationnelles, interpersonnelles, analytiques et communicationnelles.<\/li>\n<\/ul>\n<h2>Permis, certificats et\/ou inscriptions<\/h2>\n<ul>\n<li>Les candidats retenus doivent obtenir un certificat Smart Serve et en maintenir la validit\u00e9.<\/li>\n<li>Les candidats retenus doivent obtenir un certificat relatif au Syst\u00e8me d\u2019information sur les mati\u00e8res dangereuses utilis\u00e9es au travail (SIMDUT) et en maintenir la validit\u00e9.<\/li>\n<li>Inscription li\u00e9e aux jeux de cat\u00e9gorie 2 de la CAJO (peut \u00eatre demand\u00e9e apr\u00e8s avoir re\u00e7u une offre d\u2019emploi, mais avant de commencer \u00e0 travailler).<\/li>\n<\/ul>\n<p>[\/vc_column_text][vc_separator color=&#8221;chino&#8221; style=&#8221;dotted&#8221; border_width=&#8221;2&#8243; css=&#8221;.vc_custom_1561211318613{padding-top: 25px !important;padding-bottom: 25px !important;}&#8221;][vc_column_text]<\/p>\n<h3>LES CANDIDATS INT\u00c9RESS\u00c9S DOIVENT ENVOYER LEUR CURRICULUM VIT\u00c6 \u00c0<\/h3>\n<p><strong>The Social YGK<br \/>\nAttention: Human Resources<\/strong><br \/>\n1600 Bath Road<br \/>\nKingston, ON K7M 4X6<br \/>\n<strong><br \/>\nWebsite: <\/strong><a href=\"https:\/\/socialygk.com\">https:\/\/socialygk.com<\/a><br \/>\n<strong>Social Media:<\/strong> \/SocialYGK<\/p>\n<p>OU PAR T\u00c9L\u00c9COPIEUR 613-634-3135<br \/>\nOU PAR COURRIEL: <a href=\"mailto:service@socialygk.com\">service@socialygk.com<\/a><\/p>\n<p>Nous remercions tous les candidats de leur int\u00e9r\u00eat; cependant, seuls les candidats retenus pour une entrevue seront contact\u00e9s. Apr\u00e8s l\u2019entrevue, seuls les candidats \u00e0 qui un emploi sera offert seront contact\u00e9s.<\/p>\n<p>Votre curriculum vit\u00e6 sera conserv\u00e9 dans nos dossiers pendant une p\u00e9riode de trois mois, puis sera d\u00e9truit. Les candidats int\u00e9ress\u00e9s doivent pr\u00e9senter une nouvelle demande apr\u00e8s la p\u00e9riode de trois mois.[\/vc_column_text][\/vc_column][\/vc_row]<\/p>\n<\/section>","protected":false},"excerpt":{"rendered":"<p>[vc_row el_class=&#8221;dark-content-wrapper&#8221;][vc_column][vc_column_text] R\u00e9sum\u00e9 du poste Vous aiderez au maintien de bonnes relations avec la client\u00e8le et de la politique de la porte ouverte avec tous les employ\u00e9s. Vous respecterez les normes de s\u00e9curit\u00e9 et de s\u00fbret\u00e9 de la soci\u00e9t\u00e9 et [&hellip;]<\/p>\n","protected":false},"author":1,"featured_media":0,"parent":3300,"menu_order":0,"comment_status":"closed","ping_status":"closed","template":"full-width.php","meta":{"_acf_changed":false,"inline_featured_image":false,"footnotes":""},"class_list":["post-3344","page","type-page","status-publish","hentry"],"translation":{"provider":"WPGlobus","version":"3.0.0","language":"fr","enabled_languages":["ca","fr"],"languages":{"ca":{"title":true,"content":true,"excerpt":false},"fr":{"title":true,"content":true,"excerpt":false}}},"acf":[],"_links":{"self":[{"href":"https:\/\/socialygk.com\/fr\/wp-json\/wp\/v2\/pages\/3344","targetHints":{"allow":["GET"]}}],"collection":[{"href":"https:\/\/socialygk.com\/fr\/wp-json\/wp\/v2\/pages"}],"about":[{"href":"https:\/\/socialygk.com\/fr\/wp-json\/wp\/v2\/types\/page"}],"author":[{"embeddable":true,"href":"https:\/\/socialygk.com\/fr\/wp-json\/wp\/v2\/users\/1"}],"replies":[{"embeddable":true,"href":"https:\/\/socialygk.com\/fr\/wp-json\/wp\/v2\/comments?post=3344"}],"version-history":[{"count":5,"href":"https:\/\/socialygk.com\/fr\/wp-json\/wp\/v2\/pages\/3344\/revisions"}],"predecessor-version":[{"id":3686,"href":"https:\/\/socialygk.com\/fr\/wp-json\/wp\/v2\/pages\/3344\/revisions\/3686"}],"up":[{"embeddable":true,"href":"https:\/\/socialygk.com\/fr\/wp-json\/wp\/v2\/pages\/3300"}],"wp:attachment":[{"href":"https:\/\/socialygk.com\/fr\/wp-json\/wp\/v2\/media?parent=3344"}],"curies":[{"name":"wp","href":"https:\/\/api.w.org\/{rel}","templated":true}]}}