{"id":3349,"date":"2019-06-22T10:02:06","date_gmt":"2019-06-22T14:02:06","guid":{"rendered":"https:\/\/socialygk.com\/?page_id=3349"},"modified":"2019-07-06T10:31:19","modified_gmt":"2019-07-06T14:31:19","slug":"bartender","status":"publish","type":"page","link":"https:\/\/socialygk.com\/fr\/employment-opportunities\/bartender\/","title":{"rendered":"Barman \/ Barmaid"},"content":{"rendered":"<section class=\"wpb-content-wrapper\"><p>[vc_row el_class=&#8221;dark-content-wrapper&#8221;][vc_column][vc_column_text]<\/p>\n<h2>R\u00e9sum\u00e9 du poste<\/h2>\n<p>Vous aiderez au maintien de bonnes relations avec la client\u00e8le et de la politique de la porte ouverte avec tous les employ\u00e9s. Vous respecterez les normes de s\u00e9curit\u00e9 et de s\u00fbret\u00e9 de la soci\u00e9t\u00e9 et les proc\u00e9dures de contr\u00f4le interne \u00e9tablies au pr\u00e9alable. Vous aurez la responsabilit\u00e9 de servir et de pr\u00e9parer les boissons aimablement et professionnellement conform\u00e9ment aux politiques et proc\u00e9dures de contr\u00f4le interne.<\/p>\n<h2>Principales responsabilit\u00e9s<\/h2>\n<ul>\n<li>Promouvoir et maintenir un maximum d\u2019int\u00e9grit\u00e9 et un service \u00e0 la client\u00e8le de haut niveau envers tous les clients et employ\u00e9s.<\/li>\n<li>Pr\u00e9parer et servir les diff\u00e9rentes boissons demand\u00e9es de mani\u00e8re professionnelle pour assurer un service rapide.<\/li>\n<li>Maintenir les niveaux de stocks et la propret\u00e9 de l\u2019espace tout au long de la p\u00e9riode de travail.<\/li>\n<li>Respecter rigoureusement toutes les politiques et proc\u00e9dures d\u00e9crites dans le manuel de contr\u00f4le interne (MCI) du Service de nourriture et boisson.<\/li>\n<li>Maintenir un environnement de travail propre et s\u00fbr.<\/li>\n<li>Respecter les proc\u00e9dures de s\u00fbret\u00e9, y compris l\u2019utilisation du mat\u00e9riel de s\u00e9curit\u00e9 requis, et relever les pratiques ou conditions dangereuses.<\/li>\n<li>\u00catre disponible le jour, le soir et la nuit, y compris la fin de semaine et les jours f\u00e9ri\u00e9s.<\/li>\n<li>Pouvoir rester debout pendant des p\u00e9riodes pouvant atteindre 12 heures.<\/li>\n<li>Respecter les r\u00e8glements de la Commission des alcools et des jeux de l\u2019Ontario et les autres lois et r\u00e8glements municipaux, provinciaux et f\u00e9d\u00e9raux applicables.<\/li>\n<li>Assumer les responsabilit\u00e9s ou les t\u00e2ches suppl\u00e9mentaires ou diff\u00e9rentes qui pourraient \u00eatre assign\u00e9es.<\/li>\n<\/ul>\n<h2>Comp\u00e9tences minimales<\/h2>\n<ul>\n<li>Dipl\u00f4me d\u2019\u00e9tudes secondaires ou une combinaison d\u2019exp\u00e9rience de travail et d\u2019\u00e9tudes comparables.<\/li>\n<li>Au moins un (1) an d\u2019exp\u00e9rience dans un domaine connexe, dans un milieu de travail au rythme rapide.<\/li>\n<li>Habilet\u00e9s organisationnelles, interpersonnelles, analytiques et communicationnelles.<\/li>\n<li>Capacit\u00e9 de travailler alors que le rythme est rapide et que le niveau d\u2019activit\u00e9 est \u00e9lev\u00e9 et connaissance de toutes les questions li\u00e9es aux devises acceptables.<\/li>\n<\/ul>\n<h2>Permis, certificats et\/ou inscriptions<\/h2>\n<ul>\n<li>Les candidats retenus doivent obtenir un certificat Smart Serve et en maintenir la validit\u00e9.<\/li>\n<li>Les candidats retenus doivent obtenir un certificat relatif au Syst\u00e8me d\u2019information sur les mati\u00e8res dangereuses utilis\u00e9es au travail (SIMDUT) et en maintenir la validit\u00e9.<\/li>\n<li>Inscription li\u00e9e aux jeux de cat\u00e9gorie 2 de la CAJO (peut \u00eatre demand\u00e9e apr\u00e8s avoir re\u00e7u une offre d\u2019emploi, mais avant de commencer \u00e0 travailler).<\/li>\n<\/ul>\n<p>[\/vc_column_text][vc_separator color=&#8221;chino&#8221; style=&#8221;dotted&#8221; border_width=&#8221;2&#8243; css=&#8221;.vc_custom_1561211318613{padding-top: 25px !important;padding-bottom: 25px !important;}&#8221;][vc_column_text]<\/p>\n<h3>LES CANDIDATS INT\u00c9RESS\u00c9S DOIVENT ENVOYER LEUR CURRICULUM VIT\u00c6 \u00c0<\/h3>\n<p><strong>The Social YGK<br \/>\nAttention: Human Resources<\/strong><br \/>\n1600 Bath Road<br \/>\nKingston, ON K7M 4X6<br \/>\n<strong><br \/>\nWebsite: <\/strong><a href=\"https:\/\/socialygk.com\">https:\/\/socialygk.com<\/a><br \/>\n<strong>Social Media:<\/strong> \/SocialYGK<\/p>\n<p>OU PAR T\u00c9L\u00c9COPIEUR 613-634-3135<br \/>\nOU PAR COURRIEL: <a href=\"mailto:service@socialygk.com\">service@socialygk.com<\/a><\/p>\n<p>Nous remercions tous les candidats de leur int\u00e9r\u00eat; cependant, seuls les candidats retenus pour une entrevue seront contact\u00e9s. Apr\u00e8s l\u2019entrevue, seuls les candidats \u00e0 qui un emploi sera offert seront contact\u00e9s.<\/p>\n<p>Votre curriculum vit\u00e6 sera conserv\u00e9 dans nos dossiers pendant une p\u00e9riode de trois mois, puis sera d\u00e9truit. Les candidats int\u00e9ress\u00e9s doivent pr\u00e9senter une nouvelle demande apr\u00e8s la p\u00e9riode de trois mois.[\/vc_column_text][\/vc_column][\/vc_row]<\/p>\n<\/section>","protected":false},"excerpt":{"rendered":"<p>[vc_row el_class=&#8221;dark-content-wrapper&#8221;][vc_column][vc_column_text] R\u00e9sum\u00e9 du poste Vous aiderez au maintien de bonnes relations avec la client\u00e8le et de la politique de la porte ouverte avec tous les employ\u00e9s. Vous respecterez les normes de s\u00e9curit\u00e9 et de s\u00fbret\u00e9 de la soci\u00e9t\u00e9 et [&hellip;]<\/p>\n","protected":false},"author":1,"featured_media":0,"parent":3300,"menu_order":0,"comment_status":"closed","ping_status":"closed","template":"full-width.php","meta":{"_acf_changed":false,"inline_featured_image":false,"footnotes":""},"class_list":["post-3349","page","type-page","status-publish","hentry"],"translation":{"provider":"WPGlobus","version":"3.0.0","language":"fr","enabled_languages":["ca","fr"],"languages":{"ca":{"title":true,"content":true,"excerpt":false},"fr":{"title":true,"content":true,"excerpt":false}}},"acf":[],"_links":{"self":[{"href":"https:\/\/socialygk.com\/fr\/wp-json\/wp\/v2\/pages\/3349","targetHints":{"allow":["GET"]}}],"collection":[{"href":"https:\/\/socialygk.com\/fr\/wp-json\/wp\/v2\/pages"}],"about":[{"href":"https:\/\/socialygk.com\/fr\/wp-json\/wp\/v2\/types\/page"}],"author":[{"embeddable":true,"href":"https:\/\/socialygk.com\/fr\/wp-json\/wp\/v2\/users\/1"}],"replies":[{"embeddable":true,"href":"https:\/\/socialygk.com\/fr\/wp-json\/wp\/v2\/comments?post=3349"}],"version-history":[{"count":3,"href":"https:\/\/socialygk.com\/fr\/wp-json\/wp\/v2\/pages\/3349\/revisions"}],"predecessor-version":[{"id":3661,"href":"https:\/\/socialygk.com\/fr\/wp-json\/wp\/v2\/pages\/3349\/revisions\/3661"}],"up":[{"embeddable":true,"href":"https:\/\/socialygk.com\/fr\/wp-json\/wp\/v2\/pages\/3300"}],"wp:attachment":[{"href":"https:\/\/socialygk.com\/fr\/wp-json\/wp\/v2\/media?parent=3349"}],"curies":[{"name":"wp","href":"https:\/\/api.w.org\/{rel}","templated":true}]}}