{"id":14896,"date":"2025-08-25T09:16:31","date_gmt":"2025-08-25T13:16:31","guid":{"rendered":"https:\/\/socialygk.com\/?post_type=product&#038;p=14896"},"modified":"2025-11-01T10:15:04","modified_gmt":"2025-11-01T14:15:04","slug":"darts","status":"publish","type":"product","link":"https:\/\/socialygk.com\/fr\/product\/darts\/","title":{"rendered":"Fl\u00e9chettes"},"content":{"rendered":"<h2 data-start=\"150\" data-end=\"182\">\ud83c\udfaf Venez jouer aux fl\u00e9chettes avec nous!<\/h2>\n<p data-start=\"184\" data-end=\"353\">Amenez vos amis et pr\u00e9parez-vous \u00e0 vous amuser sur nos <strong data-start=\"236\" data-end=\"261\">pistes DartSee<\/strong>! Que vous soyez l\u00e0 pour relaxer, comp\u00e9titionner ou simplement essayer quelque chose de nouveau, nous avons ce qu\u2019il vous faut.<\/p>\n<h3 data-start=\"355\" data-end=\"373\">Comment \u00e7a marche<\/h3>\n<ul data-start=\"374\" data-end=\"543\">\n<li data-start=\"374\" data-end=\"424\">\n<p data-start=\"376\" data-end=\"424\">Choisissez parmi <strong data-start=\"388\" data-end=\"414\">60, 90 ou 120 minutes<\/strong> de jeu<\/p>\n<\/li>\n<li data-start=\"425\" data-end=\"458\">\n<p data-start=\"427\" data-end=\"458\">4 superbes pistes pr\u00eates pour vous<\/p>\n<\/li>\n<li data-start=\"459\" data-end=\"507\">\n<p data-start=\"461\" data-end=\"507\"><strong data-start=\"461\" data-end=\"482\">R\u00e9servez en ligne \u00e0 l\u2019avance<\/strong> (au minimum 4\u00a0heures avant votre arriv\u00e9e)<\/p>\n<\/li>\n<li data-start=\"508\" data-end=\"543\">\n<p data-start=\"510\" data-end=\"543\"><strong data-start=\"510\" data-end=\"541\">Les visites sans rendez-vous sont toujours les bienvenues<\/strong><\/p>\n<\/li>\n<\/ul>\n<h3 data-start=\"545\" data-end=\"561\">Aucune inqui\u00e9tude<\/h3>\n<ul data-start=\"562\" data-end=\"638\">\n<li data-start=\"562\" data-end=\"638\">Annulation gratuite jusqu\u2019\u00e0 48 heures avant votre heure de jeu<\/li>\n<li data-start=\"562\" data-end=\"638\">Non remboursable \u00e0 l\u2019int\u00e9rieur de 48 heures<\/li>\n<\/ul>\n<p data-start=\"640\" data-end=\"716\">C\u2019est parfait pour une sortie entre amis, une soir\u00e9e d\u00e9contract\u00e9e ou une comp\u00e9tition amicale.<\/p>\n<p data-start=\"718\" data-end=\"770\">\ud83d\udc49 <strong data-start=\"721\" data-end=\"768\">R\u00e9servez votre piste d\u00e8s aujourd\u2019hui et laissez voler les fl\u00e9chettes!<\/strong><\/p>\n<p><iframe loading=\"lazy\" title=\"DartSee Darts at The Social YGK | Kingston, Ontario | 90 second\" width=\"1100\" height=\"619\" src=\"https:\/\/www.youtube.com\/embed\/hqgv2NzVU-k?feature=oembed\" frameborder=\"0\" allow=\"accelerometer; autoplay; clipboard-write; encrypted-media; gyroscope; picture-in-picture; web-share\" referrerpolicy=\"strict-origin-when-cross-origin\" allowfullscreen><\/iframe><\/p>\n","protected":false},"excerpt":{"rendered":"<div class=\"container-fluid overflow-auto\">\n<div class=\"row flex-nowrap g-1\">\n<p><!-- 60 Minutes --><\/p>\n<div class=\"col-4 text-center text-white\">\n<h3 class=\"text-white\">60\u00a0minutes<\/h3>\n<p><b>1 &#8211; 3 joueurs<\/b><br \/>\n<b>15\u00a0$ \/ personne<\/b><\/p>\n<hr \/>\n<p><b>4 joueurs et plus<\/b><br \/>\n<b>12\u00a0$ \/ personne<\/b><\/p>\n<\/div>\n<p><!-- 90 Minutes --><\/p>\n<div class=\"col-4 text-center text-white\">\n<h3 class=\"text-white\">90\u00a0minutes<\/h3>\n<p><b>1 &#8211; 3 joueurs<\/b><br \/>\n<b>20\u00a0$ \/ personne<\/b><\/p>\n<hr \/>\n<p><b>4 joueurs et plus<\/b><br \/>\n<b>16\u00a0$ \/ personne<\/b><\/p>\n<\/div>\n<p><!-- 120 Minutes --><\/p>\n<div class=\"col-4 text-center text-white\">\n<h3 class=\"text-white\">120\u00a0minutes<\/h3>\n<p><b>1 &#8211; 3 joueurs<\/b><br \/>\n<b>23\u00a0$ \/ personne<\/b><\/p>\n<hr \/>\n<p><b>4 joueurs et plus<\/b><br \/>\n<b>18,50\u00a0$ \/ personne<\/b><\/p>\n<\/div>\n<\/div>\n<\/div>\n","protected":false},"featured_media":14907,"comment_status":"closed","ping_status":"closed","template":"","meta":{"_acf_changed":false,"inline_featured_image":false},"product_brand":[],"product_cat":[173],"product_tag":[],"class_list":{"0":"post-14896","1":"product","2":"type-product","3":"status-publish","4":"has-post-thumbnail","6":"product_cat-uncategorized","8":"first","9":"instock","10":"sold-individually","11":"taxable","12":"shipping-taxable","13":"purchasable","14":"product-type-phive_booking"},"translation":{"provider":"WPGlobus","version":"3.0.0","language":"fr","enabled_languages":["ca","fr"],"languages":{"ca":{"title":true,"content":true,"excerpt":true},"fr":{"title":true,"content":true,"excerpt":true}}},"acf":[],"_links":{"self":[{"href":"https:\/\/socialygk.com\/fr\/wp-json\/wp\/v2\/product\/14896","targetHints":{"allow":["GET"]}}],"collection":[{"href":"https:\/\/socialygk.com\/fr\/wp-json\/wp\/v2\/product"}],"about":[{"href":"https:\/\/socialygk.com\/fr\/wp-json\/wp\/v2\/types\/product"}],"replies":[{"embeddable":true,"href":"https:\/\/socialygk.com\/fr\/wp-json\/wp\/v2\/comments?post=14896"}],"wp:featuredmedia":[{"embeddable":true,"href":"https:\/\/socialygk.com\/fr\/wp-json\/wp\/v2\/media\/14907"}],"wp:attachment":[{"href":"https:\/\/socialygk.com\/fr\/wp-json\/wp\/v2\/media?parent=14896"}],"wp:term":[{"taxonomy":"product_brand","embeddable":true,"href":"https:\/\/socialygk.com\/fr\/wp-json\/wp\/v2\/product_brand?post=14896"},{"taxonomy":"product_cat","embeddable":true,"href":"https:\/\/socialygk.com\/fr\/wp-json\/wp\/v2\/product_cat?post=14896"},{"taxonomy":"product_tag","embeddable":true,"href":"https:\/\/socialygk.com\/fr\/wp-json\/wp\/v2\/product_tag?post=14896"}],"curies":[{"name":"wp","href":"https:\/\/api.w.org\/{rel}","templated":true}]}}