{"id":15100,"date":"2025-09-03T23:05:15","date_gmt":"2025-09-04T03:05:15","guid":{"rendered":"https:\/\/socialygk.com\/?post_type=product&#038;p=15100"},"modified":"2025-09-03T23:38:24","modified_gmt":"2025-09-04T03:38:24","slug":"billiard-2hr","status":"publish","type":"product","link":"https:\/\/socialygk.com\/fr\/product\/billiard-2hr\/","title":{"rendered":"Billard &#8211; 2 heures"},"content":{"rendered":"<h2 data-start=\"150\" data-end=\"182\">\ud83c\udfb1 Louez une table de billard!<\/h2>\n<p data-start=\"184\" data-end=\"353\">Envie de passer un bon moment entre amis? Nos tables de billard sont pr\u00eates pour vous! Que vous soyez un joueur occasionnel ou un comp\u00e9titeur aguerri, vous allez passer un excellent moment.<\/p>\n<h3 data-start=\"355\" data-end=\"373\">Comment \u00e7a marche<\/h3>\n<ul data-start=\"374\" data-end=\"543\">\n<li data-start=\"374\" data-end=\"424\">\n<p data-start=\"376\" data-end=\"424\">Choisissez entre 1 ou 2 heures de jeu<\/p>\n<\/li>\n<li data-start=\"425\" data-end=\"458\">\n<p data-start=\"427\" data-end=\"458\">3 superbes tables de billard \u00e0 votre disposition<\/p>\n<\/li>\n<li data-start=\"459\" data-end=\"507\">\n<p data-start=\"477\" data-end=\"549\">R\u00e9servez en ligne \u00e0 l\u2019avance (au minimum 4 heures avant votre arriv\u00e9e)<\/p>\n<\/li>\n<li data-start=\"508\" data-end=\"543\">\n<p data-start=\"510\" data-end=\"543\">Les visites sans rendez-vous sont toujours les bienvenues<\/p>\n<\/li>\n<\/ul>\n<h3 data-start=\"545\" data-end=\"561\">Aucune inqui\u00e9tude<\/h3>\n<ul data-start=\"562\" data-end=\"638\">\n<li data-start=\"562\" data-end=\"638\">Annulation gratuite jusqu\u2019\u00e0 48 heures avant votre heure de jeu<\/li>\n<li data-start=\"562\" data-end=\"638\">Non remboursable \u00e0 l\u2019int\u00e9rieur de 48 heures<\/li>\n<\/ul>\n<p data-start=\"746\" data-end=\"850\">C\u2019est parfait pour une sortie d\u00e9contract\u00e9e, une soir\u00e9e entre amis ou pour perfectionner vos habilet\u00e9s.<\/p>\n<p data-start=\"852\" data-end=\"917\"><strong>\ud83d\udc49 R\u00e9servez votre table d\u00e8s aujourd\u2019hui et commencez la partie!<\/strong><\/p>\n","protected":false},"excerpt":{"rendered":"<div class=\"container-fluid overflow-auto\">\n<div class=\"row flex-nowrap g-1\">\n<p><!-- 60 Minutes --><\/p>\n<div class=\"col-6 text-center text-white\">\n<h3 class=\"text-white\">1 heure<\/h3>\n<p><b>5 $ \/ table<\/b><\/p>\n<\/div>\n<p><!-- 90 Minutes --><\/p>\n<div class=\"col-6 text-center text-white\">\n<h3 class=\"text-white\">2 heures<\/h3>\n<p><b>10 $ \/ table<\/b><\/p>\n<\/div>\n<\/div>\n<\/div>\n<h3 class=\"text-white text-left\">Pr\u00eat pour 2 heures de billard?<\/h3>\n<p>\n  Remplissez le formulaire ci-dessous pour r\u00e9server votre s\u00e9ance de billard de 2 heures.<br \/>\n  Vous pr\u00e9f\u00e9rez une partie plus courte? <a href=\"https:\/\/socialygk.com\/product\/billiard-1hr\/\">R\u00e9servez plut\u00f4t pour 1 heure<\/a><\/p>\n","protected":false},"featured_media":15098,"comment_status":"closed","ping_status":"closed","template":"","meta":{"_acf_changed":false,"inline_featured_image":false},"product_brand":[],"product_cat":[173],"product_tag":[],"class_list":{"0":"post-15100","1":"product","2":"type-product","3":"status-publish","4":"has-post-thumbnail","6":"product_cat-uncategorized","8":"first","9":"instock","10":"sold-individually","11":"taxable","12":"shipping-taxable","13":"purchasable","14":"product-type-phive_booking"},"translation":{"provider":"WPGlobus","version":"3.0.0","language":"fr","enabled_languages":["ca","fr"],"languages":{"ca":{"title":true,"content":true,"excerpt":true},"fr":{"title":true,"content":true,"excerpt":true}}},"acf":[],"_links":{"self":[{"href":"https:\/\/socialygk.com\/fr\/wp-json\/wp\/v2\/product\/15100","targetHints":{"allow":["GET"]}}],"collection":[{"href":"https:\/\/socialygk.com\/fr\/wp-json\/wp\/v2\/product"}],"about":[{"href":"https:\/\/socialygk.com\/fr\/wp-json\/wp\/v2\/types\/product"}],"replies":[{"embeddable":true,"href":"https:\/\/socialygk.com\/fr\/wp-json\/wp\/v2\/comments?post=15100"}],"wp:featuredmedia":[{"embeddable":true,"href":"https:\/\/socialygk.com\/fr\/wp-json\/wp\/v2\/media\/15098"}],"wp:attachment":[{"href":"https:\/\/socialygk.com\/fr\/wp-json\/wp\/v2\/media?parent=15100"}],"wp:term":[{"taxonomy":"product_brand","embeddable":true,"href":"https:\/\/socialygk.com\/fr\/wp-json\/wp\/v2\/product_brand?post=15100"},{"taxonomy":"product_cat","embeddable":true,"href":"https:\/\/socialygk.com\/fr\/wp-json\/wp\/v2\/product_cat?post=15100"},{"taxonomy":"product_tag","embeddable":true,"href":"https:\/\/socialygk.com\/fr\/wp-json\/wp\/v2\/product_tag?post=15100"}],"curies":[{"name":"wp","href":"https:\/\/api.w.org\/{rel}","templated":true}]}}